{"id":15069,"date":"2024-11-10T19:12:05","date_gmt":"2024-11-10T19:12:05","guid":{"rendered":"https:\/\/uossm.org\/humanitarian-stories\/"},"modified":"2025-02-09T06:17:50","modified_gmt":"2025-02-09T06:17:50","slug":"humanitarian-stories","status":"publish","type":"page","link":"https:\/\/uossm.org\/fr\/humanitarian-stories\/","title":{"rendered":"Histoires humanitaires"},"content":{"rendered":"\t\t<div data-elementor-type=\"wp-page\" data-elementor-id=\"15069\" class=\"elementor elementor-15069 elementor-13746\" data-elementor-post-type=\"page\">\n\t\t\t\t\t\t<section class=\"elementor-section elementor-top-section elementor-element elementor-element-431d326 elementor-section-boxed elementor-section-height-default elementor-section-height-default\" data-id=\"431d326\" data-element_type=\"section\">\n\t\t\t\t\t\t<div class=\"elementor-container elementor-column-gap-default\">\n\t\t\t\t\t<div class=\"elementor-column elementor-col-100 elementor-top-column elementor-element elementor-element-801f8b0\" data-id=\"801f8b0\" data-element_type=\"column\">\n\t\t\t<div class=\"elementor-widget-wrap elementor-element-populated\">\n\t\t\t\t\t\t<section class=\"elementor-section elementor-inner-section elementor-element elementor-element-72b0f27 elementor-section-boxed elementor-section-height-default elementor-section-height-default\" data-id=\"72b0f27\" data-element_type=\"section\">\n\t\t\t\t\t\t<div class=\"elementor-container elementor-column-gap-default\">\n\t\t\t\t\t<div class=\"elementor-column elementor-col-100 elementor-inner-column elementor-element elementor-element-a2ea95b\" data-id=\"a2ea95b\" data-element_type=\"column\">\n\t\t\t<div class=\"elementor-widget-wrap elementor-element-populated\">\n\t\t\t\t\t\t<div class=\"elementor-element elementor-element-f008844 elementor-widget elementor-widget-heading\" data-id=\"f008844\" data-element_type=\"widget\" data-widget_type=\"heading.default\">\n\t\t\t\t<div class=\"elementor-widget-container\">\n\t\t\t<h2 class=\"elementor-heading-title elementor-size-default elementor-heading-title elementor-align-after-center\">Histoires humanitaires<\/h2>\t\t<\/div>\n\t\t\t\t<\/div>\n\t\t\t\t<div class=\"elementor-element elementor-element-94c1cf4 elementor-widget elementor-widget-text-editor\" data-id=\"94c1cf4\" data-element_type=\"widget\" data-widget_type=\"text-editor.default\">\n\t\t\t\t<div class=\"elementor-widget-container\">\n\t\t\t\t\t\t\t<p>D\u00e9couvrez les histoires inspirantes de r\u00e9silience, d\u2019espoir et de transformation des communaut\u00e9s que nous servons. Notre page Histoires humanitaires met en lumi\u00e8re les parcours d\u2019individus et de familles dont la vie a \u00e9t\u00e9 impact\u00e9e par le travail de l\u2019UOSSM. Ces histoires r\u00e9elles vous donnent un aper\u00e7u plus approfondi des d\u00e9fis rencontr\u00e9s et des changements positifs rendus possibles gr\u00e2ce \u00e0 nos efforts collectifs.<\/p>\n\t\t\t\t\t\t<\/div>\n\t\t\t\t<\/div>\n\t\t\t\t\t<\/div>\n\t\t<\/div>\n\t\t\t\t\t<\/div>\n\t\t<\/section>\n\t\t\t\t<div class=\"elementor-element elementor-element-e070da1 elementor-widget elementor-widget-shortcode\" data-id=\"e070da1\" data-element_type=\"widget\" data-widget_type=\"shortcode.default\">\n\t\t\t\t<div class=\"elementor-widget-container\">\n\t\t\t\t\t<div class=\"elementor-shortcode\">        <div class=\"custome-slider-uossm\" dir=\"ltr\"> <!-- 4. \u0625\u0636\u0627\u0641\u0629 \u062f\u0639\u0645 RTL -->\n                            <div class=\"slider-item\">\n                    <a href=\"https:\/\/uossm.org\/fr\/cas\/bayan\/\">\n                        <img fetchpriority=\"high\" decoding=\"async\" width=\"1800\" height=\"1200\" src=\"https:\/\/uossm.org\/wp-content\/uploads\/2024\/11\/Bayan-2.jpg\" class=\"attachment-post-thumbnail size-post-thumbnail wp-post-image\" alt=\"\" srcset=\"https:\/\/uossm.org\/wp-content\/uploads\/2024\/11\/Bayan-2.jpg 1800w, https:\/\/uossm.org\/wp-content\/uploads\/2024\/11\/Bayan-2-300x200.jpg 300w, https:\/\/uossm.org\/wp-content\/uploads\/2024\/11\/Bayan-2-1024x683.jpg 1024w, https:\/\/uossm.org\/wp-content\/uploads\/2024\/11\/Bayan-2-768x512.jpg 768w, https:\/\/uossm.org\/wp-content\/uploads\/2024\/11\/Bayan-2-1536x1024.jpg 1536w, https:\/\/uossm.org\/wp-content\/uploads\/2024\/11\/Bayan-2-600x400.jpg 600w\" sizes=\"(max-width: 1800px) 100vw, 1800px\" \/>                        <p>Bayan<\/p>\n                    <\/a>\n                <\/div>\n                                            <div class=\"slider-item\">\n                    <a href=\"https:\/\/uossm.org\/fr\/cas\/aisha\/\">\n                        <img decoding=\"async\" width=\"1800\" height=\"1013\" src=\"https:\/\/uossm.org\/wp-content\/uploads\/2024\/11\/Aisha-1.jpg\" class=\"attachment-post-thumbnail size-post-thumbnail wp-post-image\" alt=\"\" srcset=\"https:\/\/uossm.org\/wp-content\/uploads\/2024\/11\/Aisha-1.jpg 1800w, https:\/\/uossm.org\/wp-content\/uploads\/2024\/11\/Aisha-1-300x169.jpg 300w, https:\/\/uossm.org\/wp-content\/uploads\/2024\/11\/Aisha-1-1024x576.jpg 1024w, https:\/\/uossm.org\/wp-content\/uploads\/2024\/11\/Aisha-1-768x432.jpg 768w, https:\/\/uossm.org\/wp-content\/uploads\/2024\/11\/Aisha-1-1536x864.jpg 1536w, https:\/\/uossm.org\/wp-content\/uploads\/2024\/11\/Aisha-1-600x338.jpg 600w\" sizes=\"(max-width: 1800px) 100vw, 1800px\" \/>                        <p>A\u00efcha<\/p>\n                    <\/a>\n                <\/div>\n                                            <div class=\"slider-item\">\n                    <a href=\"https:\/\/uossm.org\/fr\/cas\/shahed\/\">\n                        <img decoding=\"async\" width=\"1800\" height=\"1200\" src=\"https:\/\/uossm.org\/wp-content\/uploads\/2024\/11\/Shahed-1.jpg\" class=\"attachment-post-thumbnail size-post-thumbnail wp-post-image\" alt=\"\" srcset=\"https:\/\/uossm.org\/wp-content\/uploads\/2024\/11\/Shahed-1.jpg 1800w, https:\/\/uossm.org\/wp-content\/uploads\/2024\/11\/Shahed-1-300x200.jpg 300w, https:\/\/uossm.org\/wp-content\/uploads\/2024\/11\/Shahed-1-1024x683.jpg 1024w, https:\/\/uossm.org\/wp-content\/uploads\/2024\/11\/Shahed-1-768x512.jpg 768w, https:\/\/uossm.org\/wp-content\/uploads\/2024\/11\/Shahed-1-1536x1024.jpg 1536w, https:\/\/uossm.org\/wp-content\/uploads\/2024\/11\/Shahed-1-600x400.jpg 600w\" sizes=\"(max-width: 1800px) 100vw, 1800px\" \/>                        <p>Shahed<\/p>\n                    <\/a>\n                <\/div>\n                                            <div class=\"slider-item\">\n                    <a href=\"https:\/\/uossm.org\/fr\/cas\/omar\/\">\n                        <img loading=\"lazy\" decoding=\"async\" width=\"2560\" height=\"1707\" src=\"https:\/\/uossm.org\/wp-content\/uploads\/2024\/11\/DSC00630-scaled.jpg\" class=\"attachment-post-thumbnail size-post-thumbnail wp-post-image\" alt=\"\" srcset=\"https:\/\/uossm.org\/wp-content\/uploads\/2024\/11\/DSC00630-scaled.jpg 2560w, https:\/\/uossm.org\/wp-content\/uploads\/2024\/11\/DSC00630-300x200.jpg 300w, https:\/\/uossm.org\/wp-content\/uploads\/2024\/11\/DSC00630-1024x683.jpg 1024w, https:\/\/uossm.org\/wp-content\/uploads\/2024\/11\/DSC00630-768x512.jpg 768w, https:\/\/uossm.org\/wp-content\/uploads\/2024\/11\/DSC00630-1536x1024.jpg 1536w, https:\/\/uossm.org\/wp-content\/uploads\/2024\/11\/DSC00630-2048x1365.jpg 2048w, https:\/\/uossm.org\/wp-content\/uploads\/2024\/11\/DSC00630-600x400.jpg 600w\" sizes=\"(max-width: 2560px) 100vw, 2560px\" \/>                        <p>Omar<\/p>\n                    <\/a>\n                <\/div>\n                                            <div class=\"slider-item\">\n                    <a href=\"https:\/\/uossm.org\/fr\/cas\/fatima\/\">\n                        <img loading=\"lazy\" decoding=\"async\" width=\"1800\" height=\"1013\" src=\"https:\/\/uossm.org\/wp-content\/uploads\/2024\/11\/Fatima-2.jpg\" class=\"attachment-post-thumbnail size-post-thumbnail wp-post-image\" alt=\"\" srcset=\"https:\/\/uossm.org\/wp-content\/uploads\/2024\/11\/Fatima-2.jpg 1800w, https:\/\/uossm.org\/wp-content\/uploads\/2024\/11\/Fatima-2-300x169.jpg 300w, https:\/\/uossm.org\/wp-content\/uploads\/2024\/11\/Fatima-2-1024x576.jpg 1024w, https:\/\/uossm.org\/wp-content\/uploads\/2024\/11\/Fatima-2-768x432.jpg 768w, https:\/\/uossm.org\/wp-content\/uploads\/2024\/11\/Fatima-2-1536x864.jpg 1536w, https:\/\/uossm.org\/wp-content\/uploads\/2024\/11\/Fatima-2-600x338.jpg 600w\" sizes=\"(max-width: 1800px) 100vw, 1800px\" \/>                        <p>F\u00e1tima<\/p>\n                    <\/a>\n                <\/div>\n                                            <div class=\"slider-item\">\n                    <a href=\"https:\/\/uossm.org\/fr\/cas\/mohammed\/\">\n                        <img loading=\"lazy\" decoding=\"async\" width=\"1800\" height=\"1013\" src=\"https:\/\/uossm.org\/wp-content\/uploads\/2024\/11\/Muhamad-1.jpg\" class=\"attachment-post-thumbnail size-post-thumbnail wp-post-image\" alt=\"\" srcset=\"https:\/\/uossm.org\/wp-content\/uploads\/2024\/11\/Muhamad-1.jpg 1800w, https:\/\/uossm.org\/wp-content\/uploads\/2024\/11\/Muhamad-1-300x169.jpg 300w, https:\/\/uossm.org\/wp-content\/uploads\/2024\/11\/Muhamad-1-1024x576.jpg 1024w, https:\/\/uossm.org\/wp-content\/uploads\/2024\/11\/Muhamad-1-768x432.jpg 768w, https:\/\/uossm.org\/wp-content\/uploads\/2024\/11\/Muhamad-1-1536x864.jpg 1536w, https:\/\/uossm.org\/wp-content\/uploads\/2024\/11\/Muhamad-1-600x338.jpg 600w\" sizes=\"(max-width: 1800px) 100vw, 1800px\" \/>                        <p>Mohammed<\/p>\n                    <\/a>\n                <\/div>\n                                            <div class=\"slider-item\">\n                    <a href=\"https:\/\/uossm.org\/fr\/cas\/muhamad-hassan\/\">\n                        <img loading=\"lazy\" decoding=\"async\" width=\"1620\" height=\"912\" src=\"https:\/\/uossm.org\/wp-content\/uploads\/2024\/11\/Muhamad-Hasan2.jpg\" class=\"attachment-post-thumbnail size-post-thumbnail wp-post-image\" alt=\"\" srcset=\"https:\/\/uossm.org\/wp-content\/uploads\/2024\/11\/Muhamad-Hasan2.jpg 1620w, https:\/\/uossm.org\/wp-content\/uploads\/2024\/11\/Muhamad-Hasan2-300x169.jpg 300w, https:\/\/uossm.org\/wp-content\/uploads\/2024\/11\/Muhamad-Hasan2-1024x576.jpg 1024w, https:\/\/uossm.org\/wp-content\/uploads\/2024\/11\/Muhamad-Hasan2-768x432.jpg 768w, https:\/\/uossm.org\/wp-content\/uploads\/2024\/11\/Muhamad-Hasan2-1536x865.jpg 1536w, https:\/\/uossm.org\/wp-content\/uploads\/2024\/11\/Muhamad-Hasan2-600x338.jpg 600w\" sizes=\"(max-width: 1620px) 100vw, 1620px\" \/>                        <p>Mohammed Hassan<\/p>\n                    <\/a>\n                <\/div>\n                                            <div class=\"slider-item\">\n                    <a href=\"https:\/\/uossm.org\/fr\/cas\/shorouq\/\">\n                        <img loading=\"lazy\" decoding=\"async\" width=\"1800\" height=\"1013\" src=\"https:\/\/uossm.org\/wp-content\/uploads\/2024\/11\/Shorouq-1.jpg\" class=\"attachment-post-thumbnail size-post-thumbnail wp-post-image\" alt=\"\" srcset=\"https:\/\/uossm.org\/wp-content\/uploads\/2024\/11\/Shorouq-1.jpg 1800w, https:\/\/uossm.org\/wp-content\/uploads\/2024\/11\/Shorouq-1-300x169.jpg 300w, https:\/\/uossm.org\/wp-content\/uploads\/2024\/11\/Shorouq-1-1024x576.jpg 1024w, https:\/\/uossm.org\/wp-content\/uploads\/2024\/11\/Shorouq-1-768x432.jpg 768w, https:\/\/uossm.org\/wp-content\/uploads\/2024\/11\/Shorouq-1-1536x864.jpg 1536w, https:\/\/uossm.org\/wp-content\/uploads\/2024\/11\/Shorouq-1-600x338.jpg 600w\" sizes=\"(max-width: 1800px) 100vw, 1800px\" \/>                        <p>Shorouq<\/p>\n                    <\/a>\n                <\/div>\n                                            <div class=\"slider-item\">\n                    <a href=\"https:\/\/uossm.org\/fr\/cas\/abdul-rahman\/\">\n                        <img loading=\"lazy\" decoding=\"async\" width=\"1800\" height=\"1013\" src=\"https:\/\/uossm.org\/wp-content\/uploads\/2024\/11\/Orphans-Campiagn-3.jpg\" class=\"attachment-post-thumbnail size-post-thumbnail wp-post-image\" alt=\"\" srcset=\"https:\/\/uossm.org\/wp-content\/uploads\/2024\/11\/Orphans-Campiagn-3.jpg 1800w, https:\/\/uossm.org\/wp-content\/uploads\/2024\/11\/Orphans-Campiagn-3-300x169.jpg 300w, https:\/\/uossm.org\/wp-content\/uploads\/2024\/11\/Orphans-Campiagn-3-1024x576.jpg 1024w, https:\/\/uossm.org\/wp-content\/uploads\/2024\/11\/Orphans-Campiagn-3-768x432.jpg 768w, https:\/\/uossm.org\/wp-content\/uploads\/2024\/11\/Orphans-Campiagn-3-1536x864.jpg 1536w, https:\/\/uossm.org\/wp-content\/uploads\/2024\/11\/Orphans-Campiagn-3-600x338.jpg 600w\" sizes=\"(max-width: 1800px) 100vw, 1800px\" \/>                        <p>Abdoul Rahman<\/p>\n                    <\/a>\n                <\/div>\n                                            <div class=\"slider-item\">\n                    <a href=\"https:\/\/uossm.org\/fr\/cas\/ali\/\">\n                        <img loading=\"lazy\" decoding=\"async\" width=\"1800\" height=\"1013\" src=\"https:\/\/uossm.org\/wp-content\/uploads\/2024\/11\/Ali-2.jpg\" class=\"attachment-post-thumbnail size-post-thumbnail wp-post-image\" alt=\"\" srcset=\"https:\/\/uossm.org\/wp-content\/uploads\/2024\/11\/Ali-2.jpg 1800w, https:\/\/uossm.org\/wp-content\/uploads\/2024\/11\/Ali-2-300x169.jpg 300w, https:\/\/uossm.org\/wp-content\/uploads\/2024\/11\/Ali-2-1024x576.jpg 1024w, https:\/\/uossm.org\/wp-content\/uploads\/2024\/11\/Ali-2-768x432.jpg 768w, https:\/\/uossm.org\/wp-content\/uploads\/2024\/11\/Ali-2-1536x864.jpg 1536w, https:\/\/uossm.org\/wp-content\/uploads\/2024\/11\/Ali-2-600x338.jpg 600w\" sizes=\"(max-width: 1800px) 100vw, 1800px\" \/>                        <p>Ali<\/p>\n                    <\/a>\n                <\/div>\n                                            <div class=\"slider-item\">\n                    <a href=\"https:\/\/uossm.org\/fr\/cas\/baylasan\/\">\n                        <img loading=\"lazy\" decoding=\"async\" width=\"1800\" height=\"1013\" src=\"https:\/\/uossm.org\/wp-content\/uploads\/2024\/11\/Baylasan-2.jpg\" class=\"attachment-post-thumbnail size-post-thumbnail wp-post-image\" alt=\"\" srcset=\"https:\/\/uossm.org\/wp-content\/uploads\/2024\/11\/Baylasan-2.jpg 1800w, https:\/\/uossm.org\/wp-content\/uploads\/2024\/11\/Baylasan-2-300x169.jpg 300w, https:\/\/uossm.org\/wp-content\/uploads\/2024\/11\/Baylasan-2-1024x576.jpg 1024w, https:\/\/uossm.org\/wp-content\/uploads\/2024\/11\/Baylasan-2-768x432.jpg 768w, https:\/\/uossm.org\/wp-content\/uploads\/2024\/11\/Baylasan-2-1536x864.jpg 1536w, https:\/\/uossm.org\/wp-content\/uploads\/2024\/11\/Baylasan-2-600x338.jpg 600w\" sizes=\"(max-width: 1800px) 100vw, 1800px\" \/>                        <p>Baylasan<\/p>\n                    <\/a>\n                <\/div>\n                                            <div class=\"slider-item\">\n                    <a href=\"https:\/\/uossm.org\/fr\/cas\/abdullah\/\">\n                        <img loading=\"lazy\" decoding=\"async\" width=\"2560\" height=\"1440\" src=\"https:\/\/uossm.org\/wp-content\/uploads\/2024\/11\/DSC07122-1-scaled.jpg\" class=\"attachment-post-thumbnail size-post-thumbnail wp-post-image\" alt=\"\" srcset=\"https:\/\/uossm.org\/wp-content\/uploads\/2024\/11\/DSC07122-1-scaled.jpg 2560w, https:\/\/uossm.org\/wp-content\/uploads\/2024\/11\/DSC07122-1-300x169.jpg 300w, https:\/\/uossm.org\/wp-content\/uploads\/2024\/11\/DSC07122-1-1024x576.jpg 1024w, https:\/\/uossm.org\/wp-content\/uploads\/2024\/11\/DSC07122-1-768x432.jpg 768w, https:\/\/uossm.org\/wp-content\/uploads\/2024\/11\/DSC07122-1-1536x864.jpg 1536w, https:\/\/uossm.org\/wp-content\/uploads\/2024\/11\/DSC07122-1-2048x1152.jpg 2048w, https:\/\/uossm.org\/wp-content\/uploads\/2024\/11\/DSC07122-1-600x338.jpg 600w\" sizes=\"(max-width: 2560px) 100vw, 2560px\" \/>                        <p>Abdallah<\/p>\n                    <\/a>\n                <\/div>\n                                            <div class=\"slider-item\">\n                    <a href=\"https:\/\/uossm.org\/fr\/cas\/zainab-noor\/\">\n                        <img loading=\"lazy\" decoding=\"async\" width=\"2560\" height=\"1440\" src=\"https:\/\/uossm.org\/wp-content\/uploads\/2024\/11\/DSC06973-scaled.jpg\" class=\"attachment-post-thumbnail size-post-thumbnail wp-post-image\" alt=\"\" srcset=\"https:\/\/uossm.org\/wp-content\/uploads\/2024\/11\/DSC06973-scaled.jpg 2560w, https:\/\/uossm.org\/wp-content\/uploads\/2024\/11\/DSC06973-300x169.jpg 300w, https:\/\/uossm.org\/wp-content\/uploads\/2024\/11\/DSC06973-1024x576.jpg 1024w, https:\/\/uossm.org\/wp-content\/uploads\/2024\/11\/DSC06973-768x432.jpg 768w, https:\/\/uossm.org\/wp-content\/uploads\/2024\/11\/DSC06973-1536x864.jpg 1536w, https:\/\/uossm.org\/wp-content\/uploads\/2024\/11\/DSC06973-2048x1152.jpg 2048w, https:\/\/uossm.org\/wp-content\/uploads\/2024\/11\/DSC06973-600x338.jpg 600w\" sizes=\"(max-width: 2560px) 100vw, 2560px\" \/>                        <p>Zainab et Noor<\/p>\n                    <\/a>\n                <\/div>\n                                            <div class=\"slider-item\">\n                    <a href=\"https:\/\/uossm.org\/fr\/cas\/meet-fakhr-a-story-of-hope\/\">\n                        <img loading=\"lazy\" decoding=\"async\" width=\"2560\" height=\"1440\" src=\"https:\/\/uossm.org\/wp-content\/uploads\/2024\/11\/DSC07351-scaled.jpg\" class=\"attachment-post-thumbnail size-post-thumbnail wp-post-image\" alt=\"\" srcset=\"https:\/\/uossm.org\/wp-content\/uploads\/2024\/11\/DSC07351-scaled.jpg 2560w, https:\/\/uossm.org\/wp-content\/uploads\/2024\/11\/DSC07351-300x169.jpg 300w, https:\/\/uossm.org\/wp-content\/uploads\/2024\/11\/DSC07351-1024x576.jpg 1024w, https:\/\/uossm.org\/wp-content\/uploads\/2024\/11\/DSC07351-768x432.jpg 768w, https:\/\/uossm.org\/wp-content\/uploads\/2024\/11\/DSC07351-1536x864.jpg 1536w, https:\/\/uossm.org\/wp-content\/uploads\/2024\/11\/DSC07351-2048x1152.jpg 2048w, https:\/\/uossm.org\/wp-content\/uploads\/2024\/11\/DSC07351-600x338.jpg 600w\" sizes=\"(max-width: 2560px) 100vw, 2560px\" \/>                        <p>Rencontrez Fakhr\u00a0: une histoire d\u2019espoir<\/p>\n                    <\/a>\n                <\/div>\n                                            <div class=\"slider-item\">\n                    <a href=\"https:\/\/uossm.org\/fr\/cas\/give-a-hand-to-a-cancer-patient\/\">\n                        <img loading=\"lazy\" decoding=\"async\" width=\"2560\" height=\"1707\" src=\"https:\/\/uossm.org\/wp-content\/uploads\/2024\/10\/0M7A8184-scaled.jpg\" class=\"attachment-post-thumbnail size-post-thumbnail wp-post-image\" alt=\"\" srcset=\"https:\/\/uossm.org\/wp-content\/uploads\/2024\/10\/0M7A8184-scaled.jpg 2560w, https:\/\/uossm.org\/wp-content\/uploads\/2024\/10\/0M7A8184-300x200.jpg 300w, https:\/\/uossm.org\/wp-content\/uploads\/2024\/10\/0M7A8184-1024x683.jpg 1024w, https:\/\/uossm.org\/wp-content\/uploads\/2024\/10\/0M7A8184-768x512.jpg 768w, https:\/\/uossm.org\/wp-content\/uploads\/2024\/10\/0M7A8184-1536x1024.jpg 1536w, https:\/\/uossm.org\/wp-content\/uploads\/2024\/10\/0M7A8184-2048x1365.jpg 2048w, https:\/\/uossm.org\/wp-content\/uploads\/2024\/10\/0M7A8184-600x400.jpg 600w\" sizes=\"(max-width: 2560px) 100vw, 2560px\" \/>                        <p>Donnez un coup de main \u00e0 un patient atteint de cancer<\/p>\n                    <\/a>\n                <\/div>\n                                    <\/div>\n        <script>\n        jQuery(document).ready(function($) {\n            \/\/ 6. \u0625\u0636\u0627\u0641\u0629 \u0625\u0639\u062f\u0627\u062f\u0627\u062a RTL \u0644\u0644\u0633\u0644\u0627\u064a\u062f\u0631\n            var is_rtl = false;\n            \n            $('.custome-slider-uossm').imagesLoaded(function() {\n                $('.custome-slider-uossm').slick({\n                    dots: true,\n                    infinite: true,\n                    speed: 500,\n                    slidesToShow: 3,\n                    slidesToScroll: 1,\n                    arrows: true,\n                    rtl: is_rtl, \/\/ \u062a\u062d\u062f\u064a\u062f \u0627\u062a\u062c\u0627\u0647 \u0627\u0644\u0633\u0644\u0627\u064a\u062f\u0631\n                    prevArrow: is_rtl ? \n                        '<button type=\"button\" class=\"slick-prev\"><i class=\"fas fa-chevron-right\"><\/i><\/button>' : \n                        '<button type=\"button\" class=\"slick-prev\"><i class=\"fas fa-chevron-left\"><\/i><\/button>',\n                    nextArrow: is_rtl ? \n                        '<button type=\"button\" class=\"slick-next\"><i class=\"fas fa-chevron-left\"><\/i><\/button>' : \n                        '<button type=\"button\" class=\"slick-next\"><i class=\"fas fa-chevron-right\"><\/i><\/button>',\n                    responsive: [\n                        {\n                            breakpoint: 1024,\n                            settings: {\n                                slidesToShow: 2,\n                                slidesToScroll: 1,\n                            }\n                        },\n                        {\n                            breakpoint: 600,\n                            settings: {\n                                slidesToShow: 1,\n                                slidesToScroll: 1,\n                            }\n                        }\n                    ]\n                });\n            });\n        });\n        <\/script>\n    <\/div>\n\t\t\t\t<\/div>\n\t\t\t\t<\/div>\n\t\t\t\t\t<\/div>\n\t\t<\/div>\n\t\t\t\t\t<\/div>\n\t\t<\/section>\n\t\t\t\t<\/div>\n\t\t","protected":false},"excerpt":{"rendered":"<p>Histoires humanitaires D\u00e9couvrez les histoires inspirantes de r\u00e9silience, d\u2019espoir et de transformation des communaut\u00e9s que nous servons. Notre page Histoires humanitaires met en lumi\u00e8re les parcours d\u2019individus et de familles dont la vie a \u00e9t\u00e9 impact\u00e9e par le travail de l\u2019UOSSM. Ces histoires r\u00e9elles vous donnent un aper\u00e7u plus approfondi des d\u00e9fis rencontr\u00e9s et des [&hellip;]<\/p>\n","protected":false},"author":16,"featured_media":0,"parent":0,"menu_order":0,"comment_status":"closed","ping_status":"closed","template":"","meta":{"footnotes":""},"class_list":["post-15069","page","type-page","status-publish","hentry"],"_links":{"self":[{"href":"https:\/\/uossm.org\/fr\/wp-json\/wp\/v2\/pages\/15069","targetHints":{"allow":["GET"]}}],"collection":[{"href":"https:\/\/uossm.org\/fr\/wp-json\/wp\/v2\/pages"}],"about":[{"href":"https:\/\/uossm.org\/fr\/wp-json\/wp\/v2\/types\/page"}],"author":[{"embeddable":true,"href":"https:\/\/uossm.org\/fr\/wp-json\/wp\/v2\/users\/16"}],"replies":[{"embeddable":true,"href":"https:\/\/uossm.org\/fr\/wp-json\/wp\/v2\/comments?post=15069"}],"version-history":[{"count":4,"href":"https:\/\/uossm.org\/fr\/wp-json\/wp\/v2\/pages\/15069\/revisions"}],"predecessor-version":[{"id":15969,"href":"https:\/\/uossm.org\/fr\/wp-json\/wp\/v2\/pages\/15069\/revisions\/15969"}],"wp:attachment":[{"href":"https:\/\/uossm.org\/fr\/wp-json\/wp\/v2\/media?parent=15069"}],"curies":[{"name":"wp","href":"https:\/\/api.w.org\/{rel}","templated":true}]}}