{"id":15100,"date":"2024-11-04T18:20:21","date_gmt":"2024-11-04T18:20:21","guid":{"rendered":"https:\/\/uossm.org\/uossm-press-release\/"},"modified":"2025-02-09T06:18:30","modified_gmt":"2025-02-09T06:18:30","slug":"uossm-press-release","status":"publish","type":"page","link":"https:\/\/uossm.org\/fr\/uossm-press-release\/","title":{"rendered":"Communiqu\u00e9 de presse de l&rsquo;UOSSM"},"content":{"rendered":"\t\t<div data-elementor-type=\"wp-page\" data-elementor-id=\"15100\" class=\"elementor elementor-15100 elementor-12795\" data-elementor-post-type=\"page\">\n\t\t\t\t\t\t<section class=\"elementor-section elementor-top-section elementor-element elementor-element-49d13df elementor-section-boxed elementor-section-height-default elementor-section-height-default\" data-id=\"49d13df\" data-element_type=\"section\">\n\t\t\t\t\t\t<div class=\"elementor-container elementor-column-gap-default\">\n\t\t\t\t\t<div class=\"elementor-column elementor-col-100 elementor-top-column elementor-element elementor-element-a094753\" data-id=\"a094753\" data-element_type=\"column\">\n\t\t\t<div class=\"elementor-widget-wrap elementor-element-populated\">\n\t\t\t\t\t\t<div class=\"elementor-element elementor-element-6de7b8b elementor-widget elementor-widget-heading\" data-id=\"6de7b8b\" data-element_type=\"widget\" data-widget_type=\"heading.default\">\n\t\t\t\t<div class=\"elementor-widget-container\">\n\t\t\t<h2 class=\"elementor-heading-title elementor-size-default elementor-heading-title elementor-align-after-center\">Communiqu\u00e9 de presse<\/h2>\t\t<\/div>\n\t\t\t\t<\/div>\n\t\t\t\t<div class=\"elementor-element elementor-element-d5413fc elementor-widget elementor-widget-text-editor\" data-id=\"d5413fc\" data-element_type=\"widget\" data-widget_type=\"text-editor.default\">\n\t\t\t\t<div class=\"elementor-widget-container\">\n\t\t\t\t\t\t\t<p>Retrouvez les d\u00e9clarations officielles, la couverture m\u00e9diatique et les annonces importantes de l&rsquo;UOSSM. Ces communiqu\u00e9s mettent en lumi\u00e8re nos derni\u00e8res initiatives, partenariats et \u00e9v\u00e9nements, fournissant des informations d\u00e9taill\u00e9es sur notre travail et l\u2019impact que nous avons dans les communaut\u00e9s que nous servons.<\/p>\n\t\t\t\t\t\t<\/div>\n\t\t\t\t<\/div>\n\t\t\t\t\t<\/div>\n\t\t<\/div>\n\t\t\t\t\t<\/div>\n\t\t<\/section>\n\t\t\t\t<section class=\"elementor-section elementor-top-section elementor-element elementor-element-56f3a04a elementor-section-boxed elementor-section-height-default elementor-section-height-default\" data-id=\"56f3a04a\" data-element_type=\"section\">\n\t\t\t\t\t\t<div class=\"elementor-container elementor-column-gap-default\">\n\t\t\t\t\t<div class=\"elementor-column elementor-col-100 elementor-top-column elementor-element elementor-element-43e76ead\" data-id=\"43e76ead\" data-element_type=\"column\">\n\t\t\t<div class=\"elementor-widget-wrap elementor-element-populated\">\n\t\t\t\t\t\t<div class=\"elementor-element elementor-element-66995ad3 elementor-widget elementor-widget-shortcode\" data-id=\"66995ad3\" data-element_type=\"widget\" data-widget_type=\"shortcode.default\">\n\t\t\t\t<div class=\"elementor-widget-container\">\n\t\t\t\t\t<div class=\"elementor-shortcode\">        <div class=\"custome-slider-uossm\" dir=\"ltr\"> <!-- 4. \u0625\u0636\u0627\u0641\u0629 \u062f\u0639\u0645 RTL -->\n                                        <div class=\"slider-item\">\n                    <a href=\"https:\/\/uossm.org\/fr\/communiqu\u00e9-de-presse\/two-years-after-the-earthquake-the-wounds-remain\/\">\n                        <img fetchpriority=\"high\" decoding=\"async\" width=\"2048\" height=\"1152\" src=\"https:\/\/uossm.org\/wp-content\/uploads\/2025\/02\/WhatsApp-Image-2025-02-05-at-3.16.31-PM.jpeg\" class=\"attachment-post-thumbnail size-post-thumbnail wp-post-image\" alt=\"\" srcset=\"https:\/\/uossm.org\/wp-content\/uploads\/2025\/02\/WhatsApp-Image-2025-02-05-at-3.16.31-PM.jpeg 2048w, https:\/\/uossm.org\/wp-content\/uploads\/2025\/02\/WhatsApp-Image-2025-02-05-at-3.16.31-PM-300x169.jpeg 300w, https:\/\/uossm.org\/wp-content\/uploads\/2025\/02\/WhatsApp-Image-2025-02-05-at-3.16.31-PM-1024x576.jpeg 1024w, https:\/\/uossm.org\/wp-content\/uploads\/2025\/02\/WhatsApp-Image-2025-02-05-at-3.16.31-PM-768x432.jpeg 768w, https:\/\/uossm.org\/wp-content\/uploads\/2025\/02\/WhatsApp-Image-2025-02-05-at-3.16.31-PM-1536x864.jpeg 1536w\" sizes=\"(max-width: 2048px) 100vw, 2048px\" \/>                        <p>Deux ans apr\u00e8s le tremblement de terre: les blessures restent<\/p>\n                    <\/a>\n                <\/div>\n                                            <div class=\"slider-item\">\n                    <a href=\"https:\/\/uossm.org\/fr\/communiqu\u00e9-de-presse\/rabeh-test\/\">\n                                                <p>Rabeh TEST<\/p>\n                    <\/a>\n                <\/div>\n                                            <div class=\"slider-item\">\n                    <a href=\"https:\/\/uossm.org\/fr\/communiqu\u00e9-de-presse\/a-new-chapter-for-syria\/\">\n                        <img decoding=\"async\" width=\"1600\" height=\"862\" src=\"https:\/\/uossm.org\/wp-content\/uploads\/2024\/12\/WhatsApp-Image-2024-12-13-at-11.46.01-AM.jpeg\" class=\"attachment-post-thumbnail size-post-thumbnail wp-post-image\" alt=\"\" srcset=\"https:\/\/uossm.org\/wp-content\/uploads\/2024\/12\/WhatsApp-Image-2024-12-13-at-11.46.01-AM.jpeg 1600w, https:\/\/uossm.org\/wp-content\/uploads\/2024\/12\/WhatsApp-Image-2024-12-13-at-11.46.01-AM-300x162.jpeg 300w, https:\/\/uossm.org\/wp-content\/uploads\/2024\/12\/WhatsApp-Image-2024-12-13-at-11.46.01-AM-1024x552.jpeg 1024w, https:\/\/uossm.org\/wp-content\/uploads\/2024\/12\/WhatsApp-Image-2024-12-13-at-11.46.01-AM-768x414.jpeg 768w, https:\/\/uossm.org\/wp-content\/uploads\/2024\/12\/WhatsApp-Image-2024-12-13-at-11.46.01-AM-1536x828.jpeg 1536w, https:\/\/uossm.org\/wp-content\/uploads\/2024\/12\/WhatsApp-Image-2024-12-13-at-11.46.01-AM-600x323.jpeg 600w\" sizes=\"(max-width: 1600px) 100vw, 1600px\" \/>                        <p>Un nouveau chapitre pour la Syrie<\/p>\n                    <\/a>\n                <\/div>\n                                            <div class=\"slider-item\">\n                    <a href=\"https:\/\/uossm.org\/fr\/communiqu\u00e9-de-presse\/the-fall-of-assad\/\">\n                        <img decoding=\"async\" width=\"1378\" height=\"926\" src=\"https:\/\/uossm.org\/wp-content\/uploads\/2024\/12\/The-Fall-Of-assad.jpg\" class=\"attachment-post-thumbnail size-post-thumbnail wp-post-image\" alt=\"\" srcset=\"https:\/\/uossm.org\/wp-content\/uploads\/2024\/12\/The-Fall-Of-assad.jpg 1378w, https:\/\/uossm.org\/wp-content\/uploads\/2024\/12\/The-Fall-Of-assad-300x202.jpg 300w, https:\/\/uossm.org\/wp-content\/uploads\/2024\/12\/The-Fall-Of-assad-1024x688.jpg 1024w, https:\/\/uossm.org\/wp-content\/uploads\/2024\/12\/The-Fall-Of-assad-768x516.jpg 768w\" sizes=\"(max-width: 1378px) 100vw, 1378px\" \/>                        <p>La chute d&rsquo;Assad<\/p>\n                    <\/a>\n                <\/div>\n                                            <div class=\"slider-item\">\n                    <a href=\"https:\/\/uossm.org\/fr\/communiqu\u00e9-de-presse\/military-operations-in-syria\/\">\n                        <img loading=\"lazy\" decoding=\"async\" width=\"2048\" height=\"1365\" src=\"https:\/\/uossm.org\/wp-content\/uploads\/2024\/12\/468185223_898659325802471_7827077322291692605_n.jpg\" class=\"attachment-post-thumbnail size-post-thumbnail wp-post-image\" alt=\"\" srcset=\"https:\/\/uossm.org\/wp-content\/uploads\/2024\/12\/468185223_898659325802471_7827077322291692605_n.jpg 2048w, https:\/\/uossm.org\/wp-content\/uploads\/2024\/12\/468185223_898659325802471_7827077322291692605_n-300x200.jpg 300w, https:\/\/uossm.org\/wp-content\/uploads\/2024\/12\/468185223_898659325802471_7827077322291692605_n-1024x683.jpg 1024w, https:\/\/uossm.org\/wp-content\/uploads\/2024\/12\/468185223_898659325802471_7827077322291692605_n-768x512.jpg 768w, https:\/\/uossm.org\/wp-content\/uploads\/2024\/12\/468185223_898659325802471_7827077322291692605_n-1536x1024.jpg 1536w, https:\/\/uossm.org\/wp-content\/uploads\/2024\/12\/468185223_898659325802471_7827077322291692605_n-600x400.jpg 600w\" sizes=\"(max-width: 2048px) 100vw, 2048px\" \/>                        <p>Op\u00e9rations militaires en Syrie<\/p>\n                    <\/a>\n                <\/div>\n                                            <div class=\"slider-item\">\n                    <a href=\"https:\/\/uossm.org\/fr\/communiqu\u00e9-de-presse\/uossm-usa-medical-staff-killed-in-rafah-gaza\/\">\n                        <img loading=\"lazy\" decoding=\"async\" width=\"768\" height=\"422\" src=\"https:\/\/uossm.org\/wp-content\/uploads\/2024\/05\/Amany-Al-Derby-024-05-07-at-3.28.44-AM-768x422-1.jpeg\" class=\"attachment-post-thumbnail size-post-thumbnail wp-post-image\" alt=\"\" srcset=\"https:\/\/uossm.org\/wp-content\/uploads\/2024\/05\/Amany-Al-Derby-024-05-07-at-3.28.44-AM-768x422-1.jpeg 768w, https:\/\/uossm.org\/wp-content\/uploads\/2024\/05\/Amany-Al-Derby-024-05-07-at-3.28.44-AM-768x422-1-300x165.jpeg 300w, https:\/\/uossm.org\/wp-content\/uploads\/2024\/05\/Amany-Al-Derby-024-05-07-at-3.28.44-AM-768x422-1-600x330.jpeg 600w\" sizes=\"(max-width: 768px) 100vw, 768px\" \/>                        <p>Le personnel m\u00e9dical de l&rsquo;UOSSM USA tu\u00e9 \u00e0 Rafah-Gaza<\/p>\n                    <\/a>\n                <\/div>\n                                    <\/div>\n        <script>\n        jQuery(document).ready(function($) {\n            \/\/ 6. \u0625\u0636\u0627\u0641\u0629 \u0625\u0639\u062f\u0627\u062f\u0627\u062a RTL \u0644\u0644\u0633\u0644\u0627\u064a\u062f\u0631\n            var is_rtl = false;\n            \n            $('.custome-slider-uossm').imagesLoaded(function() {\n                $('.custome-slider-uossm').slick({\n                    dots: true,\n                    infinite: true,\n                    speed: 500,\n                    slidesToShow: 3,\n                    slidesToScroll: 1,\n                    arrows: true,\n                    rtl: is_rtl, \/\/ \u062a\u062d\u062f\u064a\u062f \u0627\u062a\u062c\u0627\u0647 \u0627\u0644\u0633\u0644\u0627\u064a\u062f\u0631\n                    prevArrow: is_rtl ? \n                        '<button type=\"button\" class=\"slick-prev\"><i class=\"fas fa-chevron-right\"><\/i><\/button>' : \n                        '<button type=\"button\" class=\"slick-prev\"><i class=\"fas fa-chevron-left\"><\/i><\/button>',\n                    nextArrow: is_rtl ? \n                        '<button type=\"button\" class=\"slick-next\"><i class=\"fas fa-chevron-left\"><\/i><\/button>' : \n                        '<button type=\"button\" class=\"slick-next\"><i class=\"fas fa-chevron-right\"><\/i><\/button>',\n                    responsive: [\n                        {\n                            breakpoint: 1024,\n                            settings: {\n                                slidesToShow: 2,\n                                slidesToScroll: 1,\n                            }\n                        },\n                        {\n                            breakpoint: 600,\n                            settings: {\n                                slidesToShow: 1,\n                                slidesToScroll: 1,\n                            }\n                        }\n                    ]\n                });\n            });\n        });\n        <\/script>\n    <\/div>\n\t\t\t\t<\/div>\n\t\t\t\t<\/div>\n\t\t\t\t\t<\/div>\n\t\t<\/div>\n\t\t\t\t\t<\/div>\n\t\t<\/section>\n\t\t\t\t<\/div>\n\t\t","protected":false},"excerpt":{"rendered":"<p>Communiqu\u00e9 de presse Retrouvez les d\u00e9clarations officielles, la couverture m\u00e9diatique et les annonces importantes de l&rsquo;UOSSM. Ces communiqu\u00e9s mettent en lumi\u00e8re nos derni\u00e8res initiatives, partenariats et \u00e9v\u00e9nements, fournissant des informations d\u00e9taill\u00e9es sur notre travail et l\u2019impact que nous avons dans les communaut\u00e9s que nous servons.<\/p>\n","protected":false},"author":16,"featured_media":0,"parent":0,"menu_order":0,"comment_status":"closed","ping_status":"closed","template":"","meta":{"footnotes":""},"class_list":["post-15100","page","type-page","status-publish","hentry"],"_links":{"self":[{"href":"https:\/\/uossm.org\/fr\/wp-json\/wp\/v2\/pages\/15100","targetHints":{"allow":["GET"]}}],"collection":[{"href":"https:\/\/uossm.org\/fr\/wp-json\/wp\/v2\/pages"}],"about":[{"href":"https:\/\/uossm.org\/fr\/wp-json\/wp\/v2\/types\/page"}],"author":[{"embeddable":true,"href":"https:\/\/uossm.org\/fr\/wp-json\/wp\/v2\/users\/16"}],"replies":[{"embeddable":true,"href":"https:\/\/uossm.org\/fr\/wp-json\/wp\/v2\/comments?post=15100"}],"version-history":[{"count":4,"href":"https:\/\/uossm.org\/fr\/wp-json\/wp\/v2\/pages\/15100\/revisions"}],"predecessor-version":[{"id":15967,"href":"https:\/\/uossm.org\/fr\/wp-json\/wp\/v2\/pages\/15100\/revisions\/15967"}],"wp:attachment":[{"href":"https:\/\/uossm.org\/fr\/wp-json\/wp\/v2\/media?parent=15100"}],"curies":[{"name":"wp","href":"https:\/\/api.w.org\/{rel}","templated":true}]}}