{"id":15101,"date":"2024-11-04T18:01:02","date_gmt":"2024-11-04T18:01:02","guid":{"rendered":"https:\/\/uossm.org\/uossm-news\/"},"modified":"2025-02-09T06:18:37","modified_gmt":"2025-02-09T06:18:37","slug":"uossm-news","status":"publish","type":"page","link":"https:\/\/uossm.org\/fr\/uossm-news\/","title":{"rendered":"Derni\u00e8res nouvelles"},"content":{"rendered":"\t\t<div data-elementor-type=\"wp-page\" data-elementor-id=\"15101\" class=\"elementor elementor-15101 elementor-12790\" data-elementor-post-type=\"page\">\n\t\t\t\t\t\t<section class=\"elementor-section elementor-top-section elementor-element elementor-element-a4882c5 elementor-section-boxed elementor-section-height-default elementor-section-height-default\" data-id=\"a4882c5\" data-element_type=\"section\">\n\t\t\t\t\t\t<div class=\"elementor-container elementor-column-gap-default\">\n\t\t\t\t\t<div class=\"elementor-column elementor-col-100 elementor-top-column elementor-element elementor-element-21c66fe\" data-id=\"21c66fe\" data-element_type=\"column\">\n\t\t\t<div class=\"elementor-widget-wrap elementor-element-populated\">\n\t\t\t\t\t\t<div class=\"elementor-element elementor-element-d1a2d8d elementor-widget elementor-widget-heading\" data-id=\"d1a2d8d\" data-element_type=\"widget\" data-widget_type=\"heading.default\">\n\t\t\t\t<div class=\"elementor-widget-container\">\n\t\t\t<h2 class=\"elementor-heading-title elementor-size-default elementor-heading-title elementor-align-after-center\">Derni\u00e8res nouvelles<\/h2>\t\t<\/div>\n\t\t\t\t<\/div>\n\t\t\t\t<div class=\"elementor-element elementor-element-1cf13ba elementor-widget elementor-widget-text-editor\" data-id=\"1cf13ba\" data-element_type=\"widget\" data-widget_type=\"text-editor.default\">\n\t\t\t\t<div class=\"elementor-widget-container\">\n\t\t\t\t\t\t\t<p>Restez inform\u00e9 des derni\u00e8res mises \u00e0 jour de l\u2019UOSSM. Notre page Actualit\u00e9s vous pr\u00e9sente les d\u00e9veloppements, r\u00e9alisations et annonces importantes les plus r\u00e9cents li\u00e9s \u00e0 nos projets, initiatives et r\u00e9gions que nous servons. Soyez le premier inform\u00e9 de nos efforts continus pour avoir un impact positif dans les communaut\u00e9s qui en ont le plus besoin.<\/p>\n\t\t\t\t\t\t<\/div>\n\t\t\t\t<\/div>\n\t\t\t\t\t<\/div>\n\t\t<\/div>\n\t\t\t\t\t<\/div>\n\t\t<\/section>\n\t\t\t\t<section class=\"elementor-section elementor-top-section elementor-element elementor-element-22f93d81 elementor-section-boxed elementor-section-height-default elementor-section-height-default\" data-id=\"22f93d81\" data-element_type=\"section\">\n\t\t\t\t\t\t<div class=\"elementor-container elementor-column-gap-default\">\n\t\t\t\t\t<div class=\"elementor-column elementor-col-100 elementor-top-column elementor-element elementor-element-5782a081\" data-id=\"5782a081\" data-element_type=\"column\">\n\t\t\t<div class=\"elementor-widget-wrap elementor-element-populated\">\n\t\t\t\t\t\t<div class=\"elementor-element elementor-element-2bb97230 elementor-widget elementor-widget-shortcode\" data-id=\"2bb97230\" data-element_type=\"widget\" data-widget_type=\"shortcode.default\">\n\t\t\t\t<div class=\"elementor-widget-container\">\n\t\t\t\t\t<div class=\"elementor-shortcode\">        <div class=\"custome-slider-uossm\" dir=\"ltr\"> <!-- 4. \u0625\u0636\u0627\u0641\u0629 \u062f\u0639\u0645 RTL -->\n                            <div class=\"slider-item\">\n                    <a href=\"https:\/\/uossm.org\/fr\/nouvelles\/luossm-celebre-13-ans-de-don-et-dhumanite-a-damas\/\">\n                        <img fetchpriority=\"high\" decoding=\"async\" width=\"1600\" height=\"1069\" src=\"https:\/\/uossm.org\/wp-content\/uploads\/2024\/12\/UOSSM-Event-1.jpeg\" class=\"attachment-post-thumbnail size-post-thumbnail wp-post-image\" alt=\"\" srcset=\"https:\/\/uossm.org\/wp-content\/uploads\/2024\/12\/UOSSM-Event-1.jpeg 1600w, https:\/\/uossm.org\/wp-content\/uploads\/2024\/12\/UOSSM-Event-1-300x200.jpeg 300w, https:\/\/uossm.org\/wp-content\/uploads\/2024\/12\/UOSSM-Event-1-1024x684.jpeg 1024w, https:\/\/uossm.org\/wp-content\/uploads\/2024\/12\/UOSSM-Event-1-768x513.jpeg 768w, https:\/\/uossm.org\/wp-content\/uploads\/2024\/12\/UOSSM-Event-1-1536x1026.jpeg 1536w\" sizes=\"(max-width: 1600px) 100vw, 1600px\" \/>                        <p>L&rsquo;UOSSM c\u00e9l\u00e8bre 13 ans de don et d&rsquo;humanit\u00e9 \u00e0 Damas<\/p>\n                    <\/a>\n                <\/div>\n                                            <div class=\"slider-item\">\n                    <a href=\"https:\/\/uossm.org\/fr\/nouvelles\/uossm-sur-le-terrain-depuis-damas\/\">\n                        <img decoding=\"async\" width=\"1600\" height=\"608\" src=\"https:\/\/uossm.org\/wp-content\/uploads\/2024\/12\/cover-news-event.jpeg\" class=\"attachment-post-thumbnail size-post-thumbnail wp-post-image\" alt=\"\" srcset=\"https:\/\/uossm.org\/wp-content\/uploads\/2024\/12\/cover-news-event.jpeg 1600w, https:\/\/uossm.org\/wp-content\/uploads\/2024\/12\/cover-news-event-300x114.jpeg 300w, https:\/\/uossm.org\/wp-content\/uploads\/2024\/12\/cover-news-event-1024x389.jpeg 1024w, https:\/\/uossm.org\/wp-content\/uploads\/2024\/12\/cover-news-event-768x292.jpeg 768w, https:\/\/uossm.org\/wp-content\/uploads\/2024\/12\/cover-news-event-1536x584.jpeg 1536w\" sizes=\"(max-width: 1600px) 100vw, 1600px\" \/>                        <p>UOSSM : Sur le terrain depuis Damas<\/p>\n                    <\/a>\n                <\/div>\n                                            <div class=\"slider-item\">\n                    <a href=\"https:\/\/uossm.org\/fr\/nouvelles\/military-operations-in-syria-december-7\/\">\n                        <img decoding=\"async\" width=\"2560\" height=\"1707\" src=\"https:\/\/uossm.org\/wp-content\/uploads\/2024\/12\/dec-7-scaled.jpeg\" class=\"attachment-post-thumbnail size-post-thumbnail wp-post-image\" alt=\"\" srcset=\"https:\/\/uossm.org\/wp-content\/uploads\/2024\/12\/dec-7-scaled.jpeg 2560w, https:\/\/uossm.org\/wp-content\/uploads\/2024\/12\/dec-7-300x200.jpeg 300w, https:\/\/uossm.org\/wp-content\/uploads\/2024\/12\/dec-7-1024x683.jpeg 1024w, https:\/\/uossm.org\/wp-content\/uploads\/2024\/12\/dec-7-768x512.jpeg 768w, https:\/\/uossm.org\/wp-content\/uploads\/2024\/12\/dec-7-1536x1024.jpeg 1536w, https:\/\/uossm.org\/wp-content\/uploads\/2024\/12\/dec-7-2048x1366.jpeg 2048w\" sizes=\"(max-width: 2560px) 100vw, 2560px\" \/>                        <p>Op\u00e9rations militaires en Syrie le 7 d\u00e9cembre<\/p>\n                    <\/a>\n                <\/div>\n                                            <div class=\"slider-item\">\n                    <a href=\"https:\/\/uossm.org\/fr\/nouvelles\/operations-militaires-en-syrie-alep\/\">\n                        <img loading=\"lazy\" decoding=\"async\" width=\"1200\" height=\"1033\" src=\"https:\/\/uossm.org\/wp-content\/uploads\/2024\/12\/amb.jpg\" class=\"attachment-post-thumbnail size-post-thumbnail wp-post-image\" alt=\"\" srcset=\"https:\/\/uossm.org\/wp-content\/uploads\/2024\/12\/amb.jpg 1200w, https:\/\/uossm.org\/wp-content\/uploads\/2024\/12\/amb-300x258.jpg 300w, https:\/\/uossm.org\/wp-content\/uploads\/2024\/12\/amb-1024x881.jpg 1024w, https:\/\/uossm.org\/wp-content\/uploads\/2024\/12\/amb-768x661.jpg 768w, https:\/\/uossm.org\/wp-content\/uploads\/2024\/12\/amb-600x517.jpg 600w\" sizes=\"(max-width: 1200px) 100vw, 1200px\" \/>                        <p>Op\u00e9rations militaires en Syrie &#8211; Alep<\/p>\n                    <\/a>\n                <\/div>\n                                            <div class=\"slider-item\">\n                    <a href=\"https:\/\/uossm.org\/fr\/nouvelles\/formation-sur-la-toxicomanie-22-janvier-2024\/\">\n                        <img loading=\"lazy\" decoding=\"async\" width=\"1600\" height=\"1066\" src=\"https:\/\/uossm.org\/wp-content\/uploads\/2024\/02\/WhatsApp-Image-2024-02-22-at-11.11.11-AM.jpeg\" class=\"attachment-post-thumbnail size-post-thumbnail wp-post-image\" alt=\"\" srcset=\"https:\/\/uossm.org\/wp-content\/uploads\/2024\/02\/WhatsApp-Image-2024-02-22-at-11.11.11-AM.jpeg 1600w, https:\/\/uossm.org\/wp-content\/uploads\/2024\/02\/WhatsApp-Image-2024-02-22-at-11.11.11-AM-300x200.jpeg 300w, https:\/\/uossm.org\/wp-content\/uploads\/2024\/02\/WhatsApp-Image-2024-02-22-at-11.11.11-AM-1024x682.jpeg 1024w, https:\/\/uossm.org\/wp-content\/uploads\/2024\/02\/WhatsApp-Image-2024-02-22-at-11.11.11-AM-768x512.jpeg 768w, https:\/\/uossm.org\/wp-content\/uploads\/2024\/02\/WhatsApp-Image-2024-02-22-at-11.11.11-AM-1536x1023.jpeg 1536w, https:\/\/uossm.org\/wp-content\/uploads\/2024\/02\/WhatsApp-Image-2024-02-22-at-11.11.11-AM-600x400.jpeg 600w\" sizes=\"(max-width: 1600px) 100vw, 1600px\" \/>                        <p>Formation sur la toxicomanie 22 janvier 2024<\/p>\n                    <\/a>\n                <\/div>\n                                            <div class=\"slider-item\">\n                    <a href=\"https:\/\/uossm.org\/fr\/nouvelles\/mhgaptot-programme-de-formation-pour-les-professionnels-de-la-sante\/\">\n                        <img loading=\"lazy\" decoding=\"async\" width=\"1599\" height=\"799\" src=\"https:\/\/uossm.org\/wp-content\/uploads\/2024\/11\/376914510_724074099759375_8796894615529953955_n.jpg\" class=\"attachment-post-thumbnail size-post-thumbnail wp-post-image\" alt=\"\" srcset=\"https:\/\/uossm.org\/wp-content\/uploads\/2024\/11\/376914510_724074099759375_8796894615529953955_n.jpg 1599w, https:\/\/uossm.org\/wp-content\/uploads\/2024\/11\/376914510_724074099759375_8796894615529953955_n-300x150.jpg 300w, https:\/\/uossm.org\/wp-content\/uploads\/2024\/11\/376914510_724074099759375_8796894615529953955_n-1024x512.jpg 1024w, https:\/\/uossm.org\/wp-content\/uploads\/2024\/11\/376914510_724074099759375_8796894615529953955_n-768x384.jpg 768w, https:\/\/uossm.org\/wp-content\/uploads\/2024\/11\/376914510_724074099759375_8796894615529953955_n-1536x768.jpg 1536w, https:\/\/uossm.org\/wp-content\/uploads\/2024\/11\/376914510_724074099759375_8796894615529953955_n-600x300.jpg 600w\" sizes=\"(max-width: 1599px) 100vw, 1599px\" \/>                        <p>mhGAPToT-Programme de formation pour les professionnels de la sant\u00e9<\/p>\n                    <\/a>\n                <\/div>\n                                            <div class=\"slider-item\">\n                    <a href=\"https:\/\/uossm.org\/fr\/nouvelles\/therapie-transformatrice\/\">\n                        <img loading=\"lazy\" decoding=\"async\" width=\"2048\" height=\"1365\" src=\"https:\/\/uossm.org\/wp-content\/uploads\/2023\/08\/425717488_122121812552152071_7608596636965119766_n.jpg\" class=\"attachment-post-thumbnail size-post-thumbnail wp-post-image\" alt=\"\" srcset=\"https:\/\/uossm.org\/wp-content\/uploads\/2023\/08\/425717488_122121812552152071_7608596636965119766_n.jpg 2048w, https:\/\/uossm.org\/wp-content\/uploads\/2023\/08\/425717488_122121812552152071_7608596636965119766_n-300x200.jpg 300w, https:\/\/uossm.org\/wp-content\/uploads\/2023\/08\/425717488_122121812552152071_7608596636965119766_n-1024x683.jpg 1024w, https:\/\/uossm.org\/wp-content\/uploads\/2023\/08\/425717488_122121812552152071_7608596636965119766_n-768x512.jpg 768w, https:\/\/uossm.org\/wp-content\/uploads\/2023\/08\/425717488_122121812552152071_7608596636965119766_n-1536x1024.jpg 1536w, https:\/\/uossm.org\/wp-content\/uploads\/2023\/08\/425717488_122121812552152071_7608596636965119766_n-600x400.jpg 600w\" sizes=\"(max-width: 2048px) 100vw, 2048px\" \/>                        <p>Th\u00e9rapie transformatrice<\/p>\n                    <\/a>\n                <\/div>\n                                            <div class=\"slider-item\">\n                    <a href=\"https:\/\/uossm.org\/fr\/nouvelles\/luossm-organise-un-evenement-joyeux-pour-les-enfants-handicapes\/\">\n                        <img loading=\"lazy\" decoding=\"async\" width=\"2560\" height=\"1876\" src=\"https:\/\/uossm.org\/wp-content\/uploads\/2024\/10\/IMG_0236-copy-scaled.jpg\" class=\"attachment-post-thumbnail size-post-thumbnail wp-post-image\" alt=\"\" srcset=\"https:\/\/uossm.org\/wp-content\/uploads\/2024\/10\/IMG_0236-copy-scaled.jpg 2560w, https:\/\/uossm.org\/wp-content\/uploads\/2024\/10\/IMG_0236-copy-300x220.jpg 300w, https:\/\/uossm.org\/wp-content\/uploads\/2024\/10\/IMG_0236-copy-1024x750.jpg 1024w, https:\/\/uossm.org\/wp-content\/uploads\/2024\/10\/IMG_0236-copy-768x563.jpg 768w, https:\/\/uossm.org\/wp-content\/uploads\/2024\/10\/IMG_0236-copy-1536x1125.jpg 1536w, https:\/\/uossm.org\/wp-content\/uploads\/2024\/10\/IMG_0236-copy-2048x1501.jpg 2048w, https:\/\/uossm.org\/wp-content\/uploads\/2024\/10\/IMG_0236-copy-600x440.jpg 600w\" sizes=\"(max-width: 2560px) 100vw, 2560px\" \/>                        <p>L&rsquo;UOSSM organise un \u00e9v\u00e9nement joyeux pour les enfants handicap\u00e9s<\/p>\n                    <\/a>\n                <\/div>\n                                            <div class=\"slider-item\">\n                    <a href=\"https:\/\/uossm.org\/fr\/nouvelles\/les-soins-specialises-de-luossm-redonnent-espoir-a-un-enfant-de-neuf-ans\/\">\n                        <img loading=\"lazy\" decoding=\"async\" width=\"2560\" height=\"2207\" src=\"https:\/\/uossm.org\/wp-content\/uploads\/2024\/11\/DSC_1633-scaled.jpg\" class=\"attachment-post-thumbnail size-post-thumbnail wp-post-image\" alt=\"\" srcset=\"https:\/\/uossm.org\/wp-content\/uploads\/2024\/11\/DSC_1633-scaled.jpg 2560w, https:\/\/uossm.org\/wp-content\/uploads\/2024\/11\/DSC_1633-300x259.jpg 300w, https:\/\/uossm.org\/wp-content\/uploads\/2024\/11\/DSC_1633-1024x883.jpg 1024w, https:\/\/uossm.org\/wp-content\/uploads\/2024\/11\/DSC_1633-768x662.jpg 768w, https:\/\/uossm.org\/wp-content\/uploads\/2024\/11\/DSC_1633-1536x1324.jpg 1536w, https:\/\/uossm.org\/wp-content\/uploads\/2024\/11\/DSC_1633-2048x1766.jpg 2048w, https:\/\/uossm.org\/wp-content\/uploads\/2024\/11\/DSC_1633-600x517.jpg 600w\" sizes=\"(max-width: 2560px) 100vw, 2560px\" \/>                        <p>Les soins sp\u00e9cialis\u00e9s de l&rsquo;UOSSM redonnent espoir \u00e0 un enfant de neuf ans<\/p>\n                    <\/a>\n                <\/div>\n                                            <div class=\"slider-item\">\n                    <a href=\"https:\/\/uossm.org\/fr\/nouvelles\/une-course-contre-la-montre-a-ariha-pour-sauver-des-vies\/\">\n                        <img loading=\"lazy\" decoding=\"async\" width=\"1800\" height=\"1013\" src=\"https:\/\/uossm.org\/wp-content\/uploads\/2024\/11\/Ariha-6.jpg\" class=\"attachment-post-thumbnail size-post-thumbnail wp-post-image\" alt=\"\" srcset=\"https:\/\/uossm.org\/wp-content\/uploads\/2024\/11\/Ariha-6.jpg 1800w, https:\/\/uossm.org\/wp-content\/uploads\/2024\/11\/Ariha-6-300x169.jpg 300w, https:\/\/uossm.org\/wp-content\/uploads\/2024\/11\/Ariha-6-1024x576.jpg 1024w, https:\/\/uossm.org\/wp-content\/uploads\/2024\/11\/Ariha-6-768x432.jpg 768w, https:\/\/uossm.org\/wp-content\/uploads\/2024\/11\/Ariha-6-1536x864.jpg 1536w, https:\/\/uossm.org\/wp-content\/uploads\/2024\/11\/Ariha-6-600x338.jpg 600w\" sizes=\"(max-width: 1800px) 100vw, 1800px\" \/>                        <p>Une course contre la montre \u00e0 Ariha pour sauver des vies.<\/p>\n                    <\/a>\n                <\/div>\n                                            <div class=\"slider-item\">\n                    <a href=\"https:\/\/uossm.org\/fr\/nouvelles\/luossm-fournit-un-soutien-vital-pour-surmonter-le-tremblement-de-terre\/\">\n                        <img loading=\"lazy\" decoding=\"async\" width=\"2560\" height=\"974\" src=\"https:\/\/uossm.org\/wp-content\/uploads\/2024\/02\/One-Year-Since-The-Earthquake-scaled.jpg\" class=\"attachment-post-thumbnail size-post-thumbnail wp-post-image\" alt=\"\" srcset=\"https:\/\/uossm.org\/wp-content\/uploads\/2024\/02\/One-Year-Since-The-Earthquake-scaled.jpg 2560w, https:\/\/uossm.org\/wp-content\/uploads\/2024\/02\/One-Year-Since-The-Earthquake-300x114.jpg 300w, https:\/\/uossm.org\/wp-content\/uploads\/2024\/02\/One-Year-Since-The-Earthquake-1024x390.jpg 1024w, https:\/\/uossm.org\/wp-content\/uploads\/2024\/02\/One-Year-Since-The-Earthquake-768x292.jpg 768w, https:\/\/uossm.org\/wp-content\/uploads\/2024\/02\/One-Year-Since-The-Earthquake-1536x584.jpg 1536w, https:\/\/uossm.org\/wp-content\/uploads\/2024\/02\/One-Year-Since-The-Earthquake-2048x779.jpg 2048w, https:\/\/uossm.org\/wp-content\/uploads\/2024\/02\/One-Year-Since-The-Earthquake-600x228.jpg 600w\" sizes=\"(max-width: 2560px) 100vw, 2560px\" \/>                        <p>L&rsquo;UOSSM fournit un soutien vital pour surmonter le tremblement de terre<\/p>\n                    <\/a>\n                <\/div>\n                                            <div class=\"slider-item\">\n                    <a href=\"https:\/\/uossm.org\/fr\/nouvelles\/un-an-depuis-le-tremblement-de-terre\/\">\n                        <img loading=\"lazy\" decoding=\"async\" width=\"2560\" height=\"974\" src=\"https:\/\/uossm.org\/wp-content\/uploads\/2024\/02\/One-Year-Since-The-Earthquake-scaled.jpg\" class=\"attachment-post-thumbnail size-post-thumbnail wp-post-image\" alt=\"\" srcset=\"https:\/\/uossm.org\/wp-content\/uploads\/2024\/02\/One-Year-Since-The-Earthquake-scaled.jpg 2560w, https:\/\/uossm.org\/wp-content\/uploads\/2024\/02\/One-Year-Since-The-Earthquake-300x114.jpg 300w, https:\/\/uossm.org\/wp-content\/uploads\/2024\/02\/One-Year-Since-The-Earthquake-1024x390.jpg 1024w, https:\/\/uossm.org\/wp-content\/uploads\/2024\/02\/One-Year-Since-The-Earthquake-768x292.jpg 768w, https:\/\/uossm.org\/wp-content\/uploads\/2024\/02\/One-Year-Since-The-Earthquake-1536x584.jpg 1536w, https:\/\/uossm.org\/wp-content\/uploads\/2024\/02\/One-Year-Since-The-Earthquake-2048x779.jpg 2048w, https:\/\/uossm.org\/wp-content\/uploads\/2024\/02\/One-Year-Since-The-Earthquake-600x228.jpg 600w\" sizes=\"(max-width: 2560px) 100vw, 2560px\" \/>                        <p>Un an depuis le tremblement de terre<\/p>\n                    <\/a>\n                <\/div>\n                                            <div class=\"slider-item\">\n                    <a href=\"https:\/\/uossm.org\/fr\/nouvelles\/naissance-miraculeuse-dun-quadruple-a-lhopital-specialise-al-andalus\/\">\n                        <img loading=\"lazy\" decoding=\"async\" width=\"1599\" height=\"1200\" src=\"https:\/\/uossm.org\/wp-content\/uploads\/2024\/02\/WhatsApp-Image-2024-02-22-at-10.59.57-AM.jpeg\" class=\"attachment-post-thumbnail size-post-thumbnail wp-post-image\" alt=\"\" srcset=\"https:\/\/uossm.org\/wp-content\/uploads\/2024\/02\/WhatsApp-Image-2024-02-22-at-10.59.57-AM.jpeg 1599w, https:\/\/uossm.org\/wp-content\/uploads\/2024\/02\/WhatsApp-Image-2024-02-22-at-10.59.57-AM-300x225.jpeg 300w, https:\/\/uossm.org\/wp-content\/uploads\/2024\/02\/WhatsApp-Image-2024-02-22-at-10.59.57-AM-1024x768.jpeg 1024w, https:\/\/uossm.org\/wp-content\/uploads\/2024\/02\/WhatsApp-Image-2024-02-22-at-10.59.57-AM-768x576.jpeg 768w, https:\/\/uossm.org\/wp-content\/uploads\/2024\/02\/WhatsApp-Image-2024-02-22-at-10.59.57-AM-1536x1153.jpeg 1536w, https:\/\/uossm.org\/wp-content\/uploads\/2024\/02\/WhatsApp-Image-2024-02-22-at-10.59.57-AM-600x450.jpeg 600w\" sizes=\"(max-width: 1599px) 100vw, 1599px\" \/>                        <p>Naissance miraculeuse d&rsquo;un quadrupl\u00e9 \u00e0 l&rsquo;h\u00f4pital sp\u00e9cialis\u00e9 Al-Andalus<\/p>\n                    <\/a>\n                <\/div>\n                                    <\/div>\n        <script>\n        jQuery(document).ready(function($) {\n            \/\/ 6. \u0625\u0636\u0627\u0641\u0629 \u0625\u0639\u062f\u0627\u062f\u0627\u062a RTL \u0644\u0644\u0633\u0644\u0627\u064a\u062f\u0631\n            var is_rtl = false;\n            \n            $('.custome-slider-uossm').imagesLoaded(function() {\n                $('.custome-slider-uossm').slick({\n                    dots: true,\n                    infinite: true,\n                    speed: 500,\n                    slidesToShow: 3,\n                    slidesToScroll: 1,\n                    arrows: true,\n                    rtl: is_rtl, \/\/ \u062a\u062d\u062f\u064a\u062f \u0627\u062a\u062c\u0627\u0647 \u0627\u0644\u0633\u0644\u0627\u064a\u062f\u0631\n                    prevArrow: is_rtl ? \n                        '<button type=\"button\" class=\"slick-prev\"><i class=\"fas fa-chevron-right\"><\/i><\/button>' : \n                        '<button type=\"button\" class=\"slick-prev\"><i class=\"fas fa-chevron-left\"><\/i><\/button>',\n                    nextArrow: is_rtl ? \n                        '<button type=\"button\" class=\"slick-next\"><i class=\"fas fa-chevron-left\"><\/i><\/button>' : \n                        '<button type=\"button\" class=\"slick-next\"><i class=\"fas fa-chevron-right\"><\/i><\/button>',\n                    responsive: [\n                        {\n                            breakpoint: 1024,\n                            settings: {\n                                slidesToShow: 2,\n                                slidesToScroll: 1,\n                            }\n                        },\n                        {\n                            breakpoint: 600,\n                            settings: {\n                                slidesToShow: 1,\n                                slidesToScroll: 1,\n                            }\n                        }\n                    ]\n                });\n            });\n        });\n        <\/script>\n    <\/div>\n\t\t\t\t<\/div>\n\t\t\t\t<\/div>\n\t\t\t\t\t<\/div>\n\t\t<\/div>\n\t\t\t\t\t<\/div>\n\t\t<\/section>\n\t\t\t\t<\/div>\n\t\t","protected":false},"excerpt":{"rendered":"<p>Derni\u00e8res nouvelles Restez inform\u00e9 des derni\u00e8res mises \u00e0 jour de l\u2019UOSSM. Notre page Actualit\u00e9s vous pr\u00e9sente les d\u00e9veloppements, r\u00e9alisations et annonces importantes les plus r\u00e9cents li\u00e9s \u00e0 nos projets, initiatives et r\u00e9gions que nous servons. Soyez le premier inform\u00e9 de nos efforts continus pour avoir un impact positif dans les communaut\u00e9s qui en ont le [&hellip;]<\/p>\n","protected":false},"author":16,"featured_media":0,"parent":0,"menu_order":0,"comment_status":"closed","ping_status":"closed","template":"","meta":{"footnotes":""},"class_list":["post-15101","page","type-page","status-publish","hentry"],"_links":{"self":[{"href":"https:\/\/uossm.org\/fr\/wp-json\/wp\/v2\/pages\/15101","targetHints":{"allow":["GET"]}}],"collection":[{"href":"https:\/\/uossm.org\/fr\/wp-json\/wp\/v2\/pages"}],"about":[{"href":"https:\/\/uossm.org\/fr\/wp-json\/wp\/v2\/types\/page"}],"author":[{"embeddable":true,"href":"https:\/\/uossm.org\/fr\/wp-json\/wp\/v2\/users\/16"}],"replies":[{"embeddable":true,"href":"https:\/\/uossm.org\/fr\/wp-json\/wp\/v2\/comments?post=15101"}],"version-history":[{"count":4,"href":"https:\/\/uossm.org\/fr\/wp-json\/wp\/v2\/pages\/15101\/revisions"}],"predecessor-version":[{"id":15963,"href":"https:\/\/uossm.org\/fr\/wp-json\/wp\/v2\/pages\/15101\/revisions\/15963"}],"wp:attachment":[{"href":"https:\/\/uossm.org\/fr\/wp-json\/wp\/v2\/media?parent=15101"}],"curies":[{"name":"wp","href":"https:\/\/api.w.org\/{rel}","templated":true}]}}