{"id":15667,"date":"2023-08-28T14:13:29","date_gmt":"2023-08-28T14:13:29","guid":{"rendered":"https:\/\/uossm.org\/job-vacancies\/"},"modified":"2025-01-20T06:35:01","modified_gmt":"2025-01-20T06:35:01","slug":"job-vacancies","status":"publish","type":"page","link":"https:\/\/uossm.org\/fr\/job-vacancies\/","title":{"rendered":"Offres d&#8217;emploi"},"content":{"rendered":"\t\t<div data-elementor-type=\"wp-page\" data-elementor-id=\"15667\" class=\"elementor elementor-15667 elementor-2529\" data-elementor-post-type=\"page\">\n\t\t\t\t\t\t<section class=\"elementor-section elementor-top-section elementor-element elementor-element-b716409 elementor-section-height-min-height elementor-section-boxed elementor-section-height-default elementor-section-items-middle\" data-id=\"b716409\" data-element_type=\"section\" data-settings=\"{&quot;background_background&quot;:&quot;classic&quot;}\">\n\t\t\t\t\t\t\t<div class=\"elementor-background-overlay\"><\/div>\n\t\t\t\t\t\t\t<div class=\"elementor-container elementor-column-gap-no\">\n\t\t\t\t\t<div class=\"elementor-column elementor-col-100 elementor-top-column elementor-element elementor-element-fddb209\" data-id=\"fddb209\" data-element_type=\"column\">\n\t\t\t<div class=\"elementor-widget-wrap elementor-element-populated\">\n\t\t\t\t\t\t<div class=\"elementor-element elementor-element-d1ec4fb elementor-icon-list--layout-inline elementor-list-item-link-full_width elementor-widget elementor-widget-icon-list\" data-id=\"d1ec4fb\" data-element_type=\"widget\" data-widget_type=\"icon-list.default\">\n\t\t\t\t<div class=\"elementor-widget-container\">\n\t\t\t\t\t<ul class=\"elementor-icon-list-items elementor-inline-items\">\n\t\t\t\t\t\t\t<li class=\"elementor-icon-list-item elementor-inline-item\">\n\t\t\t\t\t\t\t\t\t\t\t<a href=\"https:\/\/uossm.org\/fr\/\">\n\n\t\t\t\t\t\t\t\t\t\t\t<span class=\"elementor-icon-list-text\">Maison<\/span>\n\t\t\t\t\t\t\t\t\t\t\t<\/a>\n\t\t\t\t\t\t\t\t\t<\/li>\n\t\t\t\t\t\t\t\t<li class=\"elementor-icon-list-item elementor-inline-item\">\n\t\t\t\t\t\t\t\t\t\t\t<span class=\"elementor-icon-list-icon\">\n\t\t\t\t\t\t\t<i aria-hidden=\"true\" class=\"fas fa-chevron-right\"><\/i>\t\t\t\t\t\t<\/span>\n\t\t\t\t\t\t\t\t\t\t<span class=\"elementor-icon-list-text\"><\/span>\n\t\t\t\t\t\t\t\t\t<\/li>\n\t\t\t\t\t\t\t\t<li class=\"elementor-icon-list-item elementor-inline-item\">\n\t\t\t\t\t\t\t\t\t\t\t<a href=\"https:\/\/uossm.org\/reach-us\/\">\n\n\t\t\t\t\t\t\t\t\t\t\t<span class=\"elementor-icon-list-text\">Contactez-nous<\/span>\n\t\t\t\t\t\t\t\t\t\t\t<\/a>\n\t\t\t\t\t\t\t\t\t<\/li>\n\t\t\t\t\t\t\t\t<li class=\"elementor-icon-list-item elementor-inline-item\">\n\t\t\t\t\t\t\t\t\t\t\t<span class=\"elementor-icon-list-icon\">\n\t\t\t\t\t\t\t<i aria-hidden=\"true\" class=\"fas fa-chevron-right\"><\/i>\t\t\t\t\t\t<\/span>\n\t\t\t\t\t\t\t\t\t\t<span class=\"elementor-icon-list-text\"><\/span>\n\t\t\t\t\t\t\t\t\t<\/li>\n\t\t\t\t\t\t\t\t<li class=\"elementor-icon-list-item elementor-inline-item\">\n\t\t\t\t\t\t\t\t\t\t<span class=\"elementor-icon-list-text\">Offres d&#8217;emploi<\/span>\n\t\t\t\t\t\t\t\t\t<\/li>\n\t\t\t\t\t\t<\/ul>\n\t\t\t\t<\/div>\n\t\t\t\t<\/div>\n\t\t\t\t\t<\/div>\n\t\t<\/div>\n\t\t\t\t\t<\/div>\n\t\t<\/section>\n\t\t\t\t<section class=\"elementor-section elementor-top-section elementor-element elementor-element-9b4dcb4 elementor-section-boxed elementor-section-height-default elementor-section-height-default\" data-id=\"9b4dcb4\" data-element_type=\"section\">\n\t\t\t\t\t\t<div class=\"elementor-container elementor-column-gap-no\">\n\t\t\t\t\t<div class=\"elementor-column elementor-col-100 elementor-top-column elementor-element elementor-element-b258f88\" data-id=\"b258f88\" data-element_type=\"column\">\n\t\t\t<div class=\"elementor-widget-wrap elementor-element-populated\">\n\t\t\t\t\t\t<div class=\"elementor-element elementor-element-34853b0 elementor-widget elementor-widget-text-editor\" data-id=\"34853b0\" data-element_type=\"widget\" data-widget_type=\"text-editor.default\">\n\t\t\t\t<div class=\"elementor-widget-container\">\n\t\t\t\t\t\t\t<p><span class=\"selectable-text copyable-text\">Explorez des opportunit\u00e9s de carri\u00e8re passionnantes avec nous ! Notre site Web propose une gamme d&rsquo;offres d&#8217;emploi adapt\u00e9es \u00e0 divers ensembles de comp\u00e9tences et d&rsquo;int\u00e9r\u00eats. Que vous soyez passionn\u00e9 par le travail humanitaire, les soins de sant\u00e9, l&rsquo;administration ou les communications, nous avons des postes disponibles pour vous. Rejoignez notre \u00e9quipe d\u00e9vou\u00e9e et ayez un impact significatif sur la vie des autres. Consultez nos offres d&#8217;emploi d\u00e8s aujourd&rsquo;hui et passez \u00e0 l&rsquo;\u00e9tape suivante de votre parcours professionnel !<\/span><\/p>\n\t\t\t\t\t\t<\/div>\n\t\t\t\t<\/div>\n\t\t\t\t<div class=\"elementor-element elementor-element-19a4e88 elementor-widget__width-auto elementor-widget elementor-widget-heading\" data-id=\"19a4e88\" data-element_type=\"widget\" data-widget_type=\"heading.default\">\n\t\t\t\t<div class=\"elementor-widget-container\">\n\t\t\t<h2 class=\"elementor-heading-title elementor-size-default elementor-heading-title\">Postes vacants r\u00e9cents<\/h2>\t\t<\/div>\n\t\t\t\t<\/div>\n\t\t\t\t<div class=\"elementor-element elementor-element-4f9fb29 elementor-widget__width-auto elementor-widget elementor-widget-heading\" data-id=\"4f9fb29\" data-element_type=\"widget\" data-widget_type=\"heading.default\">\n\t\t\t\t<div class=\"elementor-widget-container\">\n\t\t\t<p class=\"elementor-heading-title elementor-size-default elementor-heading-title\">(<span class=\"jet-engine-query-count query-41 count-type-total\" data-query=\"41\">0<\/span>)<\/p>\t\t<\/div>\n\t\t\t\t<\/div>\n\t\t\t\t<section class=\"elementor-section elementor-inner-section elementor-element elementor-element-6fcde4a elementor-section-boxed elementor-section-height-default elementor-section-height-default\" data-id=\"6fcde4a\" data-element_type=\"section\">\n\t\t\t\t\t\t<div class=\"elementor-container elementor-column-gap-no\">\n\t\t\t\t\t<div class=\"elementor-column elementor-col-100 elementor-inner-column elementor-element elementor-element-aa63dab\" data-id=\"aa63dab\" data-element_type=\"column\">\n\t\t\t<div class=\"elementor-widget-wrap elementor-element-populated\">\n\t\t\t\t\t\t<div class=\"elementor-element elementor-element-501798a jet-smart-filter-content-position-line elementor-widget__width-initial elementor-widget elementor-widget-jet-smart-filters-search\" data-id=\"501798a\" data-element_type=\"widget\" data-widget_type=\"jet-smart-filters-search.default\">\n\t\t\t\t<div class=\"elementor-widget-container\">\n\t\t\t<div class=\"jet-smart-filters-search jet-filter\"><div class=\"jet-search-filter button-icon-position-left\" data-query-type=\"meta_query\" data-query-var=\"job-title\" data-smart-filter=\"search\" data-filter-id=\"2539\" data-apply-type=\"ajax-reload\" data-content-provider=\"jet-engine\" data-additional-providers=\"\" data-query-id=\"job-list\" data-active-label=\"Job Search Filter Active\" data-layout-options=\"{&quot;show_label&quot;:&quot;&quot;,&quot;display_options&quot;:[]}\" data-query-var-suffix=\"search\">\n\t<div class=\"jet-search-filter__input-wrapper\">\n\t\t<input\n\t\t\tclass=\"jet-search-filter__input\"\n\t\t\ttype=\"search\"\n\t\t\tautocomplete=\"off\"\n\t\t\tname=\"job-title\"\n\t\t\tvalue=\"\"\n\t\t\tplaceholder=\"Search...\"\n\t\t\taria-label=\"Job Search Filter\"\n\t\t\t\t\t>\n\t\t\t<\/div>\n\t\t\t<button\n\t\t\ttype=\"button\"\n\t\t\tclass=\"jet-search-filter__submit apply-filters__button\"\n\t\t\t\t\t>\n\t\t\t<i class=\"fa fa-search\"><\/i>\t\t\t<span class=\"jet-search-filter__submit-text\">Search<\/span>\n\t\t\t\t\t<\/button>\n\t<\/div>\n<\/div>\t\t<\/div>\n\t\t\t\t<\/div>\n\t\t\t\t<div class=\"elementor-element elementor-element-36e3611 elementor-widget__width-initial jet-smart-filter-content-position-column jet-smart-filter-group-position-column elementor-widget elementor-widget-jet-smart-filters-select\" data-id=\"36e3611\" data-element_type=\"widget\" data-widget_type=\"jet-smart-filters-select.default\">\n\t\t\t\t<div class=\"elementor-widget-container\">\n\t\t\t<div class=\"jet-smart-filters-select jet-filter \" data-indexer-rule=\"show\" data-show-counter=\"\" data-change-counter=\"always\"><div class=\"jet-select\" data-query-type=\"tax_query\" data-query-var=\"job-vacancies-type\" data-smart-filter=\"select\" data-filter-id=\"4176\" data-apply-type=\"ajax\" data-content-provider=\"jet-engine\" data-additional-providers=\"\" data-query-id=\"job-list\" data-active-label=\"Job Type Filter Active\" data-layout-options=\"{&quot;show_label&quot;:&quot;&quot;,&quot;display_options&quot;:{&quot;show_items_label&quot;:false,&quot;show_decorator&quot;:false,&quot;filter_image_size&quot;:&quot;full&quot;,&quot;show_counter&quot;:false}}\" data-query-var-suffix=\"\">\n\t\t<\/div>\n<\/div>\t\t<\/div>\n\t\t\t\t<\/div>\n\t\t\t\t<div class=\"elementor-element elementor-element-76e0522 elementor-widget__width-initial jet-smart-filter-content-position-column jet-smart-filter-group-position-column elementor-widget elementor-widget-jet-smart-filters-select\" data-id=\"76e0522\" data-element_type=\"widget\" data-widget_type=\"jet-smart-filters-select.default\">\n\t\t\t\t<div class=\"elementor-widget-container\">\n\t\t\t<div class=\"jet-smart-filters-select jet-filter \" data-indexer-rule=\"show\" data-show-counter=\"\" data-change-counter=\"always\"><div class=\"jet-select\" data-query-type=\"tax_query\" data-query-var=\"job-vacancies-country\" data-smart-filter=\"select\" data-filter-id=\"4177\" data-apply-type=\"ajax\" data-content-provider=\"jet-engine\" data-additional-providers=\"\" data-query-id=\"job-list\" data-active-label=\"Job Country Filter Active\" data-layout-options=\"{&quot;show_label&quot;:&quot;&quot;,&quot;display_options&quot;:{&quot;show_items_label&quot;:false,&quot;show_decorator&quot;:false,&quot;filter_image_size&quot;:&quot;full&quot;,&quot;show_counter&quot;:false}}\" data-query-var-suffix=\"\">\n\t\t<\/div>\n<\/div>\t\t<\/div>\n\t\t\t\t<\/div>\n\t\t\t\t\t<\/div>\n\t\t<\/div>\n\t\t\t\t\t<\/div>\n\t\t<\/section>\n\t\t\t\t<div class=\"elementor-element elementor-element-1a5e831 elementor-widget elementor-widget-jet-listing-grid\" data-id=\"1a5e831\" data-element_type=\"widget\" id=\"job-list\" data-settings=\"{&quot;columns&quot;:3,&quot;columns_tablet&quot;:&quot;2&quot;,&quot;columns_mobile&quot;:&quot;1&quot;}\" data-widget_type=\"jet-listing-grid.default\">\n\t\t\t\t<div class=\"elementor-widget-container\">\n\t\t\t<div class=\"jet-listing-grid jet-listing\"><div class=\"jet-listing-not-found jet-listing-grid__items\" data-nav=\"{&quot;enabled&quot;:true,&quot;type&quot;:&quot;click&quot;,&quot;more_el&quot;:&quot;#load-job&quot;,&quot;query&quot;:{&quot;post_status&quot;:[&quot;publish&quot;],&quot;post_type&quot;:&quot;job-vacancies-uossm&quot;,&quot;posts_per_page&quot;:6,&quot;paged&quot;:1,&quot;ignore_sticky_posts&quot;:true,&quot;suppress_filters&quot;:false,&quot;jet_smart_filters&quot;:&quot;jet-engine\\\/job-list&quot;},&quot;widget_settings&quot;:{&quot;lisitng_id&quot;:3018,&quot;posts_num&quot;:6,&quot;columns&quot;:3,&quot;columns_tablet&quot;:2,&quot;columns_mobile&quot;:1,&quot;is_archive_template&quot;:&quot;&quot;,&quot;post_status&quot;:[&quot;publish&quot;],&quot;use_random_posts_num&quot;:&quot;&quot;,&quot;max_posts_num&quot;:9,&quot;not_found_message&quot;:&quot;Aucune donn\\u00e9e n&#039;a \\u00e9t\\u00e9 trouv\\u00e9e&quot;,&quot;is_masonry&quot;:false,&quot;equal_columns_height&quot;:&quot;&quot;,&quot;use_load_more&quot;:&quot;yes&quot;,&quot;load_more_id&quot;:&quot;load-job&quot;,&quot;load_more_type&quot;:&quot;click&quot;,&quot;load_more_offset&quot;:{&quot;unit&quot;:&quot;px&quot;,&quot;size&quot;:0,&quot;sizes&quot;:[]},&quot;use_custom_post_types&quot;:&quot;&quot;,&quot;custom_post_types&quot;:[],&quot;hide_widget_if&quot;:&quot;&quot;,&quot;carousel_enabled&quot;:&quot;&quot;,&quot;slides_to_scroll&quot;:&quot;1&quot;,&quot;arrows&quot;:&quot;true&quot;,&quot;arrow_icon&quot;:&quot;fa fa-angle-left&quot;,&quot;dots&quot;:&quot;&quot;,&quot;autoplay&quot;:&quot;true&quot;,&quot;pause_on_hover&quot;:&quot;true&quot;,&quot;autoplay_speed&quot;:5000,&quot;infinite&quot;:&quot;true&quot;,&quot;center_mode&quot;:&quot;&quot;,&quot;effect&quot;:&quot;slide&quot;,&quot;speed&quot;:500,&quot;inject_alternative_items&quot;:&quot;&quot;,&quot;injection_items&quot;:[],&quot;scroll_slider_enabled&quot;:&quot;&quot;,&quot;scroll_slider_on&quot;:[&quot;desktop&quot;,&quot;tablet&quot;,&quot;mobile&quot;],&quot;custom_query&quot;:false,&quot;custom_query_id&quot;:&quot;&quot;,&quot;_element_id&quot;:&quot;job-list&quot;}}\" data-queried-id=\"15667|WP_Post\">Aucune donn\u00e9e n'a \u00e9t\u00e9 trouv\u00e9e<\/div><\/div>\t\t<\/div>\n\t\t\t\t<\/div>\n\t\t\t\t<div class=\"elementor-element elementor-element-cd83af7 elementor-align-center elementor-widget elementor-widget-button\" data-id=\"cd83af7\" data-element_type=\"widget\" data-widget_type=\"button.default\">\n\t\t\t\t<div class=\"elementor-widget-container\">\n\t\t\t\t\t\t\t<div class=\"elementor-button-wrapper\">\n\t\t\t\t\t<a class=\"elementor-button elementor-button-link elementor-size-sm\" href=\"#\" id=\"load-job\">\n\t\t\t\t\t\t<span class=\"elementor-button-content-wrapper\">\n\t\t\t\t\t\t<span class=\"elementor-button-icon\">\n\t\t\t\t<svg xmlns=\"http:\/\/www.w3.org\/2000\/svg\" width=\"33\" height=\"32\" viewBox=\"0 0 33 32\" fill=\"none\"><g id=\"sync\"><g id=\"Black\"><path id=\"Vector\" d=\"M14.625 2.09375C12.1688 2.4375 10.0125 3.33125 8.00625 4.83125C7.2375 5.40625 5.90625 6.7375 5.33125 7.50625C3.5625 9.875 2.60625 12.5312 2.51875 15.3125C2.49375 16.275 2.5 16.3562 2.61875 16.55C2.8125 16.8563 3.09375 17 3.50625 17C3.76875 17 3.9125 16.9625 4.0625 16.8563C4.4375 16.6125 4.5 16.4187 4.5625 15.425C4.65625 13.8812 4.925 12.6875 5.49375 11.3375C6.90625 8.00625 9.85 5.43125 13.3438 4.46875C15.2563 3.95 17.4125 3.9125 19.3438 4.375C21.4125 4.8625 23.4125 5.9875 24.9563 7.525L25.4062 7.96875L23.25 8C21.3062 8.03125 21.0688 8.04375 20.9188 8.14375C20.6375 8.325 20.5 8.6125 20.5 9C20.5 9.40625 20.65 9.6875 20.95 9.875C21.15 9.99375 21.275 10 24.5 10C27.725 10 27.85 9.99375 28.05 9.875C28.1625 9.80625 28.3062 9.6625 28.375 9.55C28.4937 9.35 28.5 9.225 28.5 6C28.5 2.775 28.4937 2.65 28.375 2.45C28.1875 2.15 27.9062 2 27.5 2C27.0938 2 26.8125 2.15 26.625 2.45C26.5063 2.64375 26.5 2.76875 26.5 4.36875V6.08125L26.175 5.7875C24.45 4.2625 22.9312 3.35625 21.0625 2.725C19.4563 2.1875 18.2312 1.99375 16.4187 2.00625C15.7563 2.0125 14.95 2.05 14.625 2.09375Z\" fill=\"white\"><\/path><path id=\"Vector_2\" d=\"M28.9375 15.1438C28.5625 15.3875 28.5 15.5813 28.4375 16.575C28.3438 18.1375 28.0625 19.35 27.4813 20.7C25.8438 24.5125 22.2938 27.2437 18.1875 27.8375C17.2688 27.975 15.6875 27.975 14.8125 27.8438C12.1937 27.45 9.88125 26.3 8.04375 24.475L7.59375 24.0312L9.75 24C11.6937 23.9688 11.9313 23.9562 12.0813 23.8562C12.3625 23.675 12.5 23.3875 12.5 23C12.5 22.5938 12.35 22.3125 12.05 22.125C11.85 22.0062 11.725 22 8.5 22C5.275 22 5.15 22.0062 4.95 22.125C4.8375 22.1937 4.69375 22.3375 4.625 22.45C4.50625 22.65 4.5 22.775 4.5 26C4.5 29.225 4.50625 29.35 4.625 29.55C4.8125 29.85 5.09375 30 5.5 30C5.90625 30 6.1875 29.85 6.375 29.55C6.49375 29.3562 6.5 29.2312 6.5 27.6312V25.9187L6.83125 26.2125C9.1375 28.25 11.2375 29.3 14.0938 29.8312C14.75 29.95 15.05 29.9688 16.5 29.9688C17.8375 29.9688 18.275 29.9437 18.7812 29.85C21.1562 29.4187 23.125 28.5688 24.9937 27.1688C25.7625 26.5938 27.0938 25.2625 27.6688 24.4938C29.4375 22.125 30.3938 19.4688 30.4813 16.6875C30.5063 15.725 30.5 15.6438 30.3813 15.45C30.1875 15.1438 29.9062 15 29.4937 15C29.2313 15 29.0875 15.0375 28.9375 15.1438Z\" fill=\"white\"><\/path><\/g><\/g><\/svg>\t\t\t<\/span>\n\t\t\t\t\t\t\t\t\t<span class=\"elementor-button-text\">Charger plus<\/span>\n\t\t\t\t\t<\/span>\n\t\t\t\t\t<\/a>\n\t\t\t\t<\/div>\n\t\t\t\t\t\t<\/div>\n\t\t\t\t<\/div>\n\t\t\t\t\t<\/div>\n\t\t<\/div>\n\t\t\t\t\t<\/div>\n\t\t<\/section>\n\t\t\t\t<\/div>\n\t\t","protected":false},"excerpt":{"rendered":"<p>Maison Contactez-nous Explorez des opportunit\u00e9s de carri\u00e8re passionnantes avec nous ! Notre site Web propose une gamme d&rsquo;offres d&#8217;emploi adapt\u00e9es \u00e0 divers ensembles de comp\u00e9tences et d&rsquo;int\u00e9r\u00eats. Que vous soyez passionn\u00e9 par le travail humanitaire, les soins de sant\u00e9, l&rsquo;administration ou les communications, nous avons des postes disponibles pour vous. Rejoignez notre \u00e9quipe d\u00e9vou\u00e9e et [&hellip;]<\/p>\n","protected":false},"author":1,"featured_media":0,"parent":0,"menu_order":0,"comment_status":"closed","ping_status":"closed","template":"","meta":{"footnotes":""},"class_list":["post-15667","page","type-page","status-publish","hentry"],"_links":{"self":[{"href":"https:\/\/uossm.org\/fr\/wp-json\/wp\/v2\/pages\/15667","targetHints":{"allow":["GET"]}}],"collection":[{"href":"https:\/\/uossm.org\/fr\/wp-json\/wp\/v2\/pages"}],"about":[{"href":"https:\/\/uossm.org\/fr\/wp-json\/wp\/v2\/types\/page"}],"author":[{"embeddable":true,"href":"https:\/\/uossm.org\/fr\/wp-json\/wp\/v2\/users\/1"}],"replies":[{"embeddable":true,"href":"https:\/\/uossm.org\/fr\/wp-json\/wp\/v2\/comments?post=15667"}],"version-history":[{"count":2,"href":"https:\/\/uossm.org\/fr\/wp-json\/wp\/v2\/pages\/15667\/revisions"}],"predecessor-version":[{"id":16461,"href":"https:\/\/uossm.org\/fr\/wp-json\/wp\/v2\/pages\/15667\/revisions\/16461"}],"wp:attachment":[{"href":"https:\/\/uossm.org\/fr\/wp-json\/wp\/v2\/media?parent=15667"}],"curies":[{"name":"wp","href":"https:\/\/api.w.org\/{rel}","templated":true}]}}