{"id":6969,"date":"2023-08-22T06:51:34","date_gmt":"2023-08-22T06:51:34","guid":{"rendered":"https:\/\/uossm.org\/?page_id=6969"},"modified":"2025-01-21T06:08:32","modified_gmt":"2025-01-21T06:08:32","slug":"politique-de-confidentialite","status":"publish","type":"page","link":"https:\/\/uossm.org\/fr\/politique-de-confidentialite\/","title":{"rendered":"Conditions d&rsquo;utilisation de l&rsquo;UOSSM"},"content":{"rendered":"\t\t<div data-elementor-type=\"wp-page\" data-elementor-id=\"6969\" class=\"elementor elementor-6969 elementor-1888\" data-elementor-post-type=\"page\">\n\t\t\t\t\t\t<section class=\"elementor-section elementor-top-section elementor-element elementor-element-39c0bcb elementor-hidden-desktop elementor-hidden-tablet elementor-hidden-mobile elementor-section-boxed elementor-section-height-default elementor-section-height-default\" data-id=\"39c0bcb\" data-element_type=\"section\">\n\t\t\t\t\t\t<div class=\"elementor-container elementor-column-gap-no\">\n\t\t\t\t\t<div class=\"elementor-column elementor-col-100 elementor-top-column elementor-element elementor-element-0949065\" data-id=\"0949065\" data-element_type=\"column\">\n\t\t\t<div class=\"elementor-widget-wrap elementor-element-populated\">\n\t\t\t\t\t\t<div class=\"elementor-element elementor-element-9245802 elementor-widget elementor-widget-image\" data-id=\"9245802\" data-element_type=\"widget\" data-widget_type=\"image.default\">\n\t\t\t\t<div class=\"elementor-widget-container\">\n\t\t\t\t\t\t\t\t\t\t\t\t\t<img decoding=\"async\" width=\"138\" height=\"5\" src=\"https:\/\/uossm.org\/wp-content\/uploads\/2023\/08\/Group-70.svg\" class=\"attachment-full size-full wp-image-590\" alt=\"\" \/>\t\t\t\t\t\t\t\t\t\t\t\t\t<\/div>\n\t\t\t\t<\/div>\n\t\t\t\t<section class=\"elementor-section elementor-inner-section elementor-element elementor-element-9f6bc60 elementor-section-boxed elementor-section-height-default elementor-section-height-default\" data-id=\"9f6bc60\" data-element_type=\"section\">\n\t\t\t\t\t\t<div class=\"elementor-container elementor-column-gap-no\">\n\t\t\t\t\t<div class=\"elementor-column elementor-col-100 elementor-inner-column elementor-element elementor-element-860e6f5\" data-id=\"860e6f5\" data-element_type=\"column\">\n\t\t\t<div class=\"elementor-widget-wrap elementor-element-populated\">\n\t\t\t\t\t\t<div class=\"elementor-element elementor-element-903f1a9 elementor-widget elementor-widget-heading\" data-id=\"903f1a9\" data-element_type=\"widget\" data-widget_type=\"heading.default\">\n\t\t\t\t<div class=\"elementor-widget-container\">\n\t\t\t<h2 class=\"elementor-heading-title elementor-size-default elementor-heading-title\">1. Acceptation des conditions<\/h2>\t\t<\/div>\n\t\t\t\t<\/div>\n\t\t\t\t<div class=\"elementor-element elementor-element-bfd2505 elementor-widget elementor-widget-text-editor\" data-id=\"bfd2505\" data-element_type=\"widget\" data-widget_type=\"text-editor.default\">\n\t\t\t\t<div class=\"elementor-widget-container\">\n\t\t\t\t\t\t\t<p>En acc\u00e9dant et en utilisant le site Internet<a href=\"https:\/\/uossm.org\/fr\/\">uossm.org<\/a>(le \u00ab\u00a0Site\u00a0\u00bb), vous acceptez de vous conformer et d&rsquo;\u00eatre li\u00e9 par les pr\u00e9sentes conditions d&rsquo;utilisation (\u00ab\u00a0Conditions\u00a0\u00bb). Si vous n&rsquo;acceptez pas ces conditions, veuillez ne pas utiliser le site.<\/p>\n\t\t\t\t\t\t<\/div>\n\t\t\t\t<\/div>\n\t\t\t\t<div class=\"elementor-element elementor-element-65a4239 elementor-widget elementor-widget-heading\" data-id=\"65a4239\" data-element_type=\"widget\" data-widget_type=\"heading.default\">\n\t\t\t\t<div class=\"elementor-widget-container\">\n\t\t\t<h2 class=\"elementor-heading-title elementor-size-default elementor-heading-title\">2. Modifications des Conditions<\/h2>\t\t<\/div>\n\t\t\t\t<\/div>\n\t\t\t\t<div class=\"elementor-element elementor-element-342af3d elementor-widget elementor-widget-text-editor\" data-id=\"342af3d\" data-element_type=\"widget\" data-widget_type=\"text-editor.default\">\n\t\t\t\t<div class=\"elementor-widget-container\">\n\t\t\t\t\t\t\t<p>Nous nous r\u00e9servons le droit de modifier ou de r\u00e9viser ces Conditions \u00e0 tout moment. Les Conditions mises \u00e0 jour entreront en vigueur \u00e0 la date de leur publication sur le Site. Votre utilisation continue du site apr\u00e8s toute modification de ces conditions constitue votre acceptation de ces modifications.<\/p>\n\t\t\t\t\t\t<\/div>\n\t\t\t\t<\/div>\n\t\t\t\t<div class=\"elementor-element elementor-element-6d0c341 elementor-widget elementor-widget-heading\" data-id=\"6d0c341\" data-element_type=\"widget\" data-widget_type=\"heading.default\">\n\t\t\t\t<div class=\"elementor-widget-container\">\n\t\t\t<h2 class=\"elementor-heading-title elementor-size-default elementor-heading-title\">3. Utilisation du Site<\/h2>\t\t<\/div>\n\t\t\t\t<\/div>\n\t\t\t\t<div class=\"elementor-element elementor-element-5aff4a1 elementor-widget elementor-widget-text-editor\" data-id=\"5aff4a1\" data-element_type=\"widget\" data-widget_type=\"text-editor.default\">\n\t\t\t\t<div class=\"elementor-widget-container\">\n\t\t\t\t\t\t\t<p>Vous acceptez d&rsquo;utiliser le Site \u00e0 des fins licites et d&rsquo;une mani\u00e8re conforme \u00e0 toutes les lois et r\u00e9glementations locales, nationales ou internationales applicables. Toute utilisation non autoris\u00e9e du Site est express\u00e9ment interdite.<\/p>\n\t\t\t\t\t\t<\/div>\n\t\t\t\t<\/div>\n\t\t\t\t<div class=\"elementor-element elementor-element-fc48295 elementor-widget elementor-widget-heading\" data-id=\"fc48295\" data-element_type=\"widget\" data-widget_type=\"heading.default\">\n\t\t\t\t<div class=\"elementor-widget-container\">\n\t\t\t<h2 class=\"elementor-heading-title elementor-size-default elementor-heading-title\">4. Contenu utilisateur<\/h2>\t\t<\/div>\n\t\t\t\t<\/div>\n\t\t\t\t<div class=\"elementor-element elementor-element-4193251 elementor-widget elementor-widget-text-editor\" data-id=\"4193251\" data-element_type=\"widget\" data-widget_type=\"text-editor.default\">\n\t\t\t\t<div class=\"elementor-widget-container\">\n\t\t\t\t\t\t\t<p>En soumettant tout contenu, y compris, mais sans s&rsquo;y limiter, du texte, des images ou des vid\u00e9os, vous accordez \u00e0 l&rsquo;UOSSM une licence non exclusive, mondiale et libre de droits pour utiliser, reproduire, modifier, adapter, publier, traduire, distribuer et afficher ce contenu. sur le Site et les plateformes affili\u00e9es.<\/p>\n\t\t\t\t\t\t<\/div>\n\t\t\t\t<\/div>\n\t\t\t\t<div class=\"elementor-element elementor-element-240f913 elementor-widget elementor-widget-heading\" data-id=\"240f913\" data-element_type=\"widget\" data-widget_type=\"heading.default\">\n\t\t\t\t<div class=\"elementor-widget-container\">\n\t\t\t<h2 class=\"elementor-heading-title elementor-size-default elementor-heading-title\">5. Propri\u00e9t\u00e9 intellectuelle<\/h2>\t\t<\/div>\n\t\t\t\t<\/div>\n\t\t\t\t<div class=\"elementor-element elementor-element-ea2f951 elementor-widget elementor-widget-text-editor\" data-id=\"ea2f951\" data-element_type=\"widget\" data-widget_type=\"text-editor.default\">\n\t\t\t\t<div class=\"elementor-widget-container\">\n\t\t\t\t\t\t\t<p>Tout le contenu du Site, y compris les textes, graphiques, logos, images, clips audio et logiciels, est la propri\u00e9t\u00e9 de l&rsquo;UOSSM et est prot\u00e9g\u00e9 par les lois sur le droit d&rsquo;auteur, les marques commerciales et autres lois sur la propri\u00e9t\u00e9 intellectuelle. Vous ne pouvez pas modifier, copier, reproduire, republier, t\u00e9l\u00e9charger, publier, transmettre ou distribuer tout \u00e9l\u00e9ment du site sans consentement \u00e9crit pr\u00e9alable.<\/p>\n\t\t\t\t\t\t<\/div>\n\t\t\t\t<\/div>\n\t\t\t\t<div class=\"elementor-element elementor-element-ed67404 elementor-widget elementor-widget-heading\" data-id=\"ed67404\" data-element_type=\"widget\" data-widget_type=\"heading.default\">\n\t\t\t\t<div class=\"elementor-widget-container\">\n\t\t\t<h2 class=\"elementor-heading-title elementor-size-default elementor-heading-title\">6. Exclusion de garanties<\/h2>\t\t<\/div>\n\t\t\t\t<\/div>\n\t\t\t\t<div class=\"elementor-element elementor-element-e75cffc elementor-widget elementor-widget-text-editor\" data-id=\"e75cffc\" data-element_type=\"widget\" data-widget_type=\"text-editor.default\">\n\t\t\t\t<div class=\"elementor-widget-container\">\n\t\t\t\t\t\t\t<p>Le Site est fourni \u00ab tel quel \u00bb et \u00ab tel que disponible \u00bb sans aucune garantie d&rsquo;aucune sorte, expresse ou implicite. UOSSM ne garantit pas que le site sera exempt d&rsquo;erreurs, ininterrompu, s\u00e9curis\u00e9 ou exempt de virus ou d&rsquo;autres composants nuisibles.<\/p>\n\t\t\t\t\t\t<\/div>\n\t\t\t\t<\/div>\n\t\t\t\t<div class=\"elementor-element elementor-element-d1e4c7b elementor-widget elementor-widget-heading\" data-id=\"d1e4c7b\" data-element_type=\"widget\" data-widget_type=\"heading.default\">\n\t\t\t\t<div class=\"elementor-widget-container\">\n\t\t\t<h2 class=\"elementor-heading-title elementor-size-default elementor-heading-title\">7. Informations sur la marque<\/h2>\t\t<\/div>\n\t\t\t\t<\/div>\n\t\t\t\t<div class=\"elementor-element elementor-element-340e280 elementor-widget elementor-widget-text-editor\" data-id=\"340e280\" data-element_type=\"widget\" data-widget_type=\"text-editor.default\">\n\t\t\t\t<div class=\"elementor-widget-container\">\n\t\t\t\t\t\t\t<p>En aucun cas l&rsquo;UOSSM ne sera responsable des dommages indirects, accessoires, sp\u00e9ciaux, cons\u00e9cutifs ou punitifs d\u00e9coulant de ou li\u00e9s \u00e0 votre utilisation du Site. L&rsquo;UOSSM ne sera pas responsable des erreurs ou omissions dans le contenu du Site.<\/p>\n\t\t\t\t\t\t<\/div>\n\t\t\t\t<\/div>\n\t\t\t\t<div class=\"elementor-element elementor-element-179341e elementor-widget elementor-widget-heading\" data-id=\"179341e\" data-element_type=\"widget\" data-widget_type=\"heading.default\">\n\t\t\t\t<div class=\"elementor-widget-container\">\n\t\t\t<h2 class=\"elementor-heading-title elementor-size-default elementor-heading-title\">8. Liens externes<\/h2>\t\t<\/div>\n\t\t\t\t<\/div>\n\t\t\t\t<div class=\"elementor-element elementor-element-86f9515 elementor-widget elementor-widget-text-editor\" data-id=\"86f9515\" data-element_type=\"widget\" data-widget_type=\"text-editor.default\">\n\t\t\t\t<div class=\"elementor-widget-container\">\n\t\t\t\t\t\t\t<p>Le Site peut contenir des liens vers des sites Web ou des ressources tiers. L&rsquo;UOSSM n&rsquo;est pas responsable du contenu, de l&rsquo;exactitude ou des opinions exprim\u00e9es sur ces sites externes. Les liens vers des sites externes n\u2019impliquent pas l\u2019approbation de l\u2019UOSSM.<\/p>\n\t\t\t\t\t\t<\/div>\n\t\t\t\t<\/div>\n\t\t\t\t<div class=\"elementor-element elementor-element-236deb6 elementor-widget elementor-widget-heading\" data-id=\"236deb6\" data-element_type=\"widget\" data-widget_type=\"heading.default\">\n\t\t\t\t<div class=\"elementor-widget-container\">\n\t\t\t<h2 class=\"elementor-heading-title elementor-size-default elementor-heading-title\">9. Indemnisation<\/h2>\t\t<\/div>\n\t\t\t\t<\/div>\n\t\t\t\t<div class=\"elementor-element elementor-element-46efe22 elementor-widget elementor-widget-text-editor\" data-id=\"46efe22\" data-element_type=\"widget\" data-widget_type=\"text-editor.default\">\n\t\t\t\t<div class=\"elementor-widget-container\">\n\t\t\t\t\t\t\t<p>Vous acceptez d&rsquo;indemniser et de d\u00e9gager l&rsquo;UOSSM et ses soci\u00e9t\u00e9s affili\u00e9es, dirigeants, administrateurs, employ\u00e9s et agents de toute r\u00e9clamation, perte, responsabilit\u00e9, dommage, d\u00e9pense et co\u00fbt, y compris les honoraires d&rsquo;avocat, d\u00e9coulant de ou li\u00e9s \u00e0 votre utilisation. ou une mauvaise utilisation du Site.<\/p>\n\t\t\t\t\t\t<\/div>\n\t\t\t\t<\/div>\n\t\t\t\t<div class=\"elementor-element elementor-element-ef58f48 elementor-widget elementor-widget-heading\" data-id=\"ef58f48\" data-element_type=\"widget\" data-widget_type=\"heading.default\">\n\t\t\t\t<div class=\"elementor-widget-container\">\n\t\t\t<h2 class=\"elementor-heading-title elementor-size-default elementor-heading-title\">10. Loi applicable<\/h2>\t\t<\/div>\n\t\t\t\t<\/div>\n\t\t\t\t<div class=\"elementor-element elementor-element-245fa96 elementor-widget elementor-widget-text-editor\" data-id=\"245fa96\" data-element_type=\"widget\" data-widget_type=\"text-editor.default\">\n\t\t\t\t<div class=\"elementor-widget-container\">\n\t\t\t\t\t\t\t<p>Les pr\u00e9sentes Conditions seront r\u00e9gies et interpr\u00e9t\u00e9es conform\u00e9ment aux lois de [Votre Juridiction], sans \u00e9gard \u00e0 ses principes de conflit de lois.<\/p>\n\t\t\t\t\t\t<\/div>\n\t\t\t\t<\/div>\n\t\t\t\t<div class=\"elementor-element elementor-element-d91c39f elementor-widget elementor-widget-heading\" data-id=\"d91c39f\" data-element_type=\"widget\" data-widget_type=\"heading.default\">\n\t\t\t\t<div class=\"elementor-widget-container\">\n\t\t\t<h2 class=\"elementor-heading-title elementor-size-default elementor-heading-title\">11. Coordonn\u00e9es<\/h2>\t\t<\/div>\n\t\t\t\t<\/div>\n\t\t\t\t<div class=\"elementor-element elementor-element-a85e8df elementor-widget elementor-widget-text-editor\" data-id=\"a85e8df\" data-element_type=\"widget\" data-widget_type=\"text-editor.default\">\n\t\t\t\t<div class=\"elementor-widget-container\">\n\t\t\t\t\t\t\t<p>Si vous avez des questions ou des pr\u00e9occupations concernant ces conditions d&rsquo;utilisation, veuillez nous contacter \u00e0<a href=\"mailto:info@uossm.org\">info@uossm.org<\/a>.<\/p>\n\t\t\t\t\t\t<\/div>\n\t\t\t\t<\/div>\n\t\t\t\t\t<\/div>\n\t\t<\/div>\n\t\t\t\t\t<\/div>\n\t\t<\/section>\n\t\t\t\t\t<\/div>\n\t\t<\/div>\n\t\t\t\t\t<\/div>\n\t\t<\/section>\n\t\t\t\t<section class=\"elementor-section elementor-top-section elementor-element elementor-element-0344d38 elementor-section-boxed elementor-section-height-default elementor-section-height-default\" data-id=\"0344d38\" data-element_type=\"section\">\n\t\t\t\t\t\t<div class=\"elementor-container elementor-column-gap-default\">\n\t\t\t\t\t<div class=\"elementor-column elementor-col-100 elementor-top-column elementor-element elementor-element-a837f98\" data-id=\"a837f98\" data-element_type=\"column\">\n\t\t\t<div class=\"elementor-widget-wrap elementor-element-populated\">\n\t\t\t\t\t\t<div class=\"elementor-element elementor-element-1e798dc elementor-widget elementor-widget-html\" data-id=\"1e798dc\" data-element_type=\"widget\" data-widget_type=\"html.default\">\n\t\t\t\t<div class=\"elementor-widget-container\">\n\t\t\t<head>\r\n    <meta charset=\"UTF-8\">\r\n    <meta name=\"viewport\" content=\"width=device-width, initial-scale=1.0\">\r\n    <meta http-equiv=\"X-UA-Compatible\" content=\"ie=edge\">\r\n    <title>Privacy Policy - UOSSM<\/title>\r\n    <link rel=\"stylesheet\" href=\"https:\/\/cdnjs.cloudflare.com\/ajax\/libs\/font-awesome\/6.0.0-beta3\/css\/all.min.css\">\r\n    <style>\r\n\r\n        .container {\r\n            width: 80%;\r\n            max-width: 1000px;\r\n            margin: 40px auto;\r\n            background-color: #fff;\r\n            border-radius: 10px;\r\n            box-shadow: 0 4px 8px rgba(0, 0, 0, 0.1);\r\n            padding: 20px;\r\n        }\r\n\r\n        h1 {\r\n            color: #f36f3a;\r\n        }\r\n h2 {\r\n            color: #515f7e;\r\n        }\r\n\r\n        .logo {\r\n            text-align: center;\r\n            margin-bottom: 20px;\r\n        }\r\n\r\n        .logo img {\r\n            width: 150px;\r\n        }\r\n\r\n        .updated-date {\r\n            font-size: 0.9em;\r\n            color: #515E7E;\r\n            text-align: center;\r\n            margin-bottom: 20px;\r\n        }\r\n\r\n        .section {\r\n            margin-bottom: 30px;\r\n        }\r\n\r\n        .section h2 {\r\n            font-size: 1.3em;\r\n            margin-bottom: 10px;\r\n            border-bottom: 2px solid #f36f3a;\r\n            padding-bottom: 5px;\r\n        }\r\n\r\n        .section p {\r\n            line-height: 1.6;\r\n            margin-bottom: 15px;\r\n        }\r\n\r\n        .contact {\r\n            text-align: center;\r\n            margin-top: 40px;\r\n        }\r\n\r\n        .contact a {\r\n            color: #f36f3a;\r\n            text-decoration: none;\r\n        }\r\n\r\n        .contact a:hover {\r\n            text-decoration: underline;\r\n        }\r\n\r\n        \/* Icon styling *\/\r\n        h2 i {\r\n            color: #515f7e;\r\n            margin-right: 10px;\r\n            font-size: 1.2em;\r\n            vertical-align: middle;\r\n        }\r\n    <\/style>\r\n<\/head>\r\n<body>\r\n\r\n    <div class=\"container\">\r\n        <div class=\"logo\">\r\n<img decoding=\"async\" src=\"https:\/\/uossm.org\/wp-content\/uploads\/2023\/07\/image-2.svg\" alt=\"Logo UOSSM\"> <!-- Remplacez 'votre-logo.png' par votre fichier de logo --> <\/div> <div style=\"padding-bottom:30px\"> <div> <h1>Conditions d'utilisation<\/h1> <\/div> <div> <p style=\"display:flex;float:right;margin-top:-50px\" class=\"updated-date\">Derni\u00e8re mise \u00e0 jour : 20\/10\/2024<\/p> <\/div> <\/div> <div classe=\"section\"> <h2><i class=\"fas fa-sync-alt\"><\/i> 2. Modifications des Conditions<\/h2> <p>Nous nous r\u00e9servons le droit de modifier ou de r\u00e9viser ces Conditions \u00e0 tout moment. Les Conditions mises \u00e0 jour entreront en vigueur \u00e0 la date \u00e0 laquelle elles seront publi\u00e9es sur le Site. Votre utilisation continue du site apr\u00e8s toute modification constitue votre acceptation des nouvelles conditions.<\/p> <\/div> <div classe=\"section\"> <h2><i class=\"fas fa-globe\"><\/i> 3. Utilisation du Site<\/h2> <p>Vous acceptez d'utiliser le Site uniquement \u00e0 des fins licites et dans le respect de toutes les lois et r\u00e9glementations locales, nationales et internationales applicables. L'utilisation non autoris\u00e9e du Site est strictement interdite.<\/p> <\/div> <div classe=\"section\"> <h2><i class=\"fas fa-file-upload\"><\/i> 4. Contenu utilisateur<\/h2> <p>En soumettant tout contenu, y compris, mais sans s'y limiter, du texte, des images ou des vid\u00e9os, vous accordez \u00e0 l'UOSSM une licence non exclusive, mondiale et libre de droits pour utiliser, reproduire, modifier, adapter, publier, traduire, distribuer et afficher. ce contenu sur le Site et les plateformes affili\u00e9es.<\/p> <\/div> <div classe=\"section\"> <h2><i class=\"fas fa-copyright\"><\/i> 5. Propri\u00e9t\u00e9 intellectuelle<\/h2> <p>Tout le contenu du site, y compris les textes, graphiques, logos, images, clips audio et logiciels, est la propri\u00e9t\u00e9 de l'UOSSM et est prot\u00e9g\u00e9 par les droits d'auteur, les marques commerciales et d'autres lois sur la propri\u00e9t\u00e9 intellectuelle. Vous ne pouvez pas modifier, copier, reproduire, republier, t\u00e9l\u00e9charger, publier, transmettre ou distribuer tout \u00e9l\u00e9ment du site sans consentement \u00e9crit pr\u00e9alable.<\/p> <\/div> <div classe=\"section\"> <h2><i class=\"fas fa-exclamation-circle\"><\/i> 6. Exon\u00e9ration de garantie<\/h2> <p>Le Site est fourni \u00ab tel quel \u00bb et \u00ab tel que disponible \u00bb sans garantie d'aucune sorte, expresse ou implicite. UOSSM ne garantit pas que le site sera exempt d'erreurs, ininterrompu, s\u00e9curis\u00e9 ou exempt de virus ou d'autres composants nuisibles.<\/p> <\/div> <div classe=\"section\"> <h2><i class=\"fas fa-exclamation-triangle\"><\/i> 7. Limitation de responsabilit\u00e9<\/h2> <p>L'UOSSM ne sera pas responsable des dommages indirects, accessoires, sp\u00e9ciaux, cons\u00e9cutifs ou punitifs d\u00e9coulant de votre utilisation du site. De plus, l'UOSSM n'est pas responsable des erreurs ou omissions dans le contenu du site.<\/p> <\/div> <div classe=\"section\"> <h2><i class=\"fas fa-link\"><\/i> 8. Liens externes<\/h2> <p>Le Site peut contenir des liens vers des sites Web ou des ressources tiers. L'UOSSM n'est pas responsable du contenu, de l'exactitude ou des opinions exprim\u00e9es sur ces sites externes, et les liens n'impliquent pas l'approbation de l'UOSSM.<\/p> <\/div> <div classe=\"section\"> <h2><i class=\"fas fa-shield-alt\"><\/i> 9. Indemnisation<\/h2> <p>Vous acceptez d'indemniser et de d\u00e9gager de toute responsabilit\u00e9 l'UOSSM et ses soci\u00e9t\u00e9s affili\u00e9es, dirigeants, administrateurs, employ\u00e9s et agents de toute r\u00e9clamation, perte, responsabilit\u00e9, dommage, d\u00e9pense et co\u00fbt, y compris les honoraires d'avocat, d\u00e9coulant de votre utilisation ou mauvaise utilisation de le Site.<\/p> <\/div> <div classe=\"section\"> <h2><i class=\"fas fa-gavel\"><\/i> 10. Loi applicable<\/h2> <p>Ces Conditions seront r\u00e9gies et interpr\u00e9t\u00e9es conform\u00e9ment aux lois de [Votre juridiction], sans \u00e9gard aux principes de conflit de lois.<\/p> <\/div> <div class=\"contact\"> <p>Si vous avez des questions ou des pr\u00e9occupations concernant ces conditions d'utilisation, veuillez nous contacter \u00e0 <a href=\"mailto:info@uossm.org\">info@uossm.org<\/a>.<\/p> <\/div> <\/div>\r\n\t\t<\/div>\n\t\t\t\t<\/div>\n\t\t\t\t\t<\/div>\n\t\t<\/div>\n\t\t\t\t\t<\/div>\n\t\t<\/section>\n\t\t\t\t<\/div>\n\t\t","protected":false},"excerpt":{"rendered":"<p>1. Acceptation des conditions En acc\u00e9dant et en utilisant le site Internetuossm.org(le \u00ab\u00a0Site\u00a0\u00bb), vous acceptez de vous conformer et d&rsquo;\u00eatre li\u00e9 par les pr\u00e9sentes conditions d&rsquo;utilisation (\u00ab\u00a0Conditions\u00a0\u00bb). Si vous n&rsquo;acceptez pas ces conditions, veuillez ne pas utiliser le site. 2. Modifications des Conditions Nous nous r\u00e9servons le droit de modifier ou de r\u00e9viser ces Conditions [&hellip;]<\/p>\n","protected":false},"author":1,"featured_media":0,"parent":0,"menu_order":0,"comment_status":"closed","ping_status":"closed","template":"","meta":{"footnotes":""},"class_list":["post-6969","page","type-page","status-publish","hentry"],"_links":{"self":[{"href":"https:\/\/uossm.org\/fr\/wp-json\/wp\/v2\/pages\/6969","targetHints":{"allow":["GET"]}}],"collection":[{"href":"https:\/\/uossm.org\/fr\/wp-json\/wp\/v2\/pages"}],"about":[{"href":"https:\/\/uossm.org\/fr\/wp-json\/wp\/v2\/types\/page"}],"author":[{"embeddable":true,"href":"https:\/\/uossm.org\/fr\/wp-json\/wp\/v2\/users\/1"}],"replies":[{"embeddable":true,"href":"https:\/\/uossm.org\/fr\/wp-json\/wp\/v2\/comments?post=6969"}],"version-history":[{"count":7,"href":"https:\/\/uossm.org\/fr\/wp-json\/wp\/v2\/pages\/6969\/revisions"}],"predecessor-version":[{"id":16437,"href":"https:\/\/uossm.org\/fr\/wp-json\/wp\/v2\/pages\/6969\/revisions\/16437"}],"wp:attachment":[{"href":"https:\/\/uossm.org\/fr\/wp-json\/wp\/v2\/media?parent=6969"}],"curies":[{"name":"wp","href":"https:\/\/api.w.org\/{rel}","templated":true}]}}