{"id":6971,"date":"2023-08-22T06:40:06","date_gmt":"2023-08-22T06:40:06","guid":{"rendered":"https:\/\/uossm.org\/?page_id=6971"},"modified":"2024-02-20T15:09:06","modified_gmt":"2024-02-20T15:09:06","slug":"politique-de-transparence","status":"publish","type":"page","link":"https:\/\/uossm.org\/fr\/politique-de-transparence\/","title":{"rendered":"Politique de Transparence"},"content":{"rendered":"\t\t<div data-elementor-type=\"wp-page\" data-elementor-id=\"6971\" class=\"elementor elementor-6971 elementor-1879\" data-elementor-post-type=\"page\">\n\t\t\t\t\t\t<section class=\"elementor-section elementor-top-section elementor-element elementor-element-4651997 elementor-section-boxed elementor-section-height-default elementor-section-height-default\" data-id=\"4651997\" data-element_type=\"section\">\n\t\t\t\t\t\t<div class=\"elementor-container elementor-column-gap-no\">\n\t\t\t\t\t<div class=\"elementor-column elementor-col-100 elementor-top-column elementor-element elementor-element-e3a4f32\" data-id=\"e3a4f32\" data-element_type=\"column\">\n\t\t\t<div class=\"elementor-widget-wrap elementor-element-populated\">\n\t\t\t\t\t\t<div class=\"elementor-element elementor-element-abf30e5 elementor-widget elementor-widget-image\" data-id=\"abf30e5\" data-element_type=\"widget\" data-widget_type=\"image.default\">\n\t\t\t\t<div class=\"elementor-widget-container\">\n\t\t\t\t\t\t\t\t\t\t\t\t\t<img decoding=\"async\" width=\"138\" height=\"5\" src=\"https:\/\/uossm.org\/wp-content\/uploads\/2023\/08\/Group-70.svg\" class=\"attachment-full size-full wp-image-590\" alt=\"\" \/>\t\t\t\t\t\t\t\t\t\t\t\t\t<\/div>\n\t\t\t\t<\/div>\n\t\t\t\t<section class=\"elementor-section elementor-inner-section elementor-element elementor-element-d9ea722 elementor-section-boxed elementor-section-height-default elementor-section-height-default\" data-id=\"d9ea722\" data-element_type=\"section\">\n\t\t\t\t\t\t<div class=\"elementor-container elementor-column-gap-no\">\n\t\t\t\t\t<div class=\"elementor-column elementor-col-100 elementor-inner-column elementor-element elementor-element-b61e3d8\" data-id=\"b61e3d8\" data-element_type=\"column\">\n\t\t\t<div class=\"elementor-widget-wrap elementor-element-populated\">\n\t\t\t\t\t\t<div class=\"elementor-element elementor-element-687999f elementor-widget elementor-widget-heading\" data-id=\"687999f\" data-element_type=\"widget\" data-widget_type=\"heading.default\">\n\t\t\t\t<div class=\"elementor-widget-container\">\n\t\t\t<h2 class=\"elementor-heading-title elementor-size-default elementor-heading-title\">Aper\u00e7u<\/h2>\t\t<\/div>\n\t\t\t\t<\/div>\n\t\t\t\t\t<\/div>\n\t\t<\/div>\n\t\t\t\t\t<\/div>\n\t\t<\/section>\n\t\t\t\t<section class=\"elementor-section elementor-inner-section elementor-element elementor-element-c0bfbbe elementor-section-boxed elementor-section-height-default elementor-section-height-default\" data-id=\"c0bfbbe\" data-element_type=\"section\">\n\t\t\t\t\t\t<div class=\"elementor-container elementor-column-gap-no\">\n\t\t\t\t\t<div class=\"elementor-column elementor-col-100 elementor-inner-column elementor-element elementor-element-5798f25\" data-id=\"5798f25\" data-element_type=\"column\">\n\t\t\t<div class=\"elementor-widget-wrap elementor-element-populated\">\n\t\t\t\t\t\t<div class=\"elementor-element elementor-element-e8a3e5d elementor-widget elementor-widget-heading\" data-id=\"e8a3e5d\" data-element_type=\"widget\" data-widget_type=\"heading.default\">\n\t\t\t\t<div class=\"elementor-widget-container\">\n\t\t\t<h2 class=\"elementor-heading-title elementor-size-default elementor-heading-title\">D\u00e9claration de Confidentialit\u00e9 pour les Visiteurs du Site Web<\/h2>\t\t<\/div>\n\t\t\t\t<\/div>\n\t\t\t\t<div class=\"elementor-element elementor-element-453444f elementor-widget elementor-widget-text-editor\" data-id=\"453444f\" data-element_type=\"widget\" data-widget_type=\"text-editor.default\">\n\t\t\t\t<div class=\"elementor-widget-container\">\n\t\t\t\t\t\t\t<p>Cette d\u00e9claration d\u00e9crit comment la Fondation UOSSM utilise les informations personnelles collect\u00e9es aupr\u00e8s des visiteurs du site web www.uossm.org. Nous nous engageons \u00e0 respecter les normes du R\u00e8glement G\u00e9n\u00e9ral sur la Protection des Donn\u00e9es (RGPD) europ\u00e9en et de la Loi Californienne sur la Confidentialit\u00e9 des Consommateurs (CCPA). En acc\u00e9dant ou en utilisant notre service, vous acceptez cette Politique de Confidentialit\u00e9.<\/p>\t\t\t\t\t\t<\/div>\n\t\t\t\t<\/div>\n\t\t\t\t<div class=\"elementor-element elementor-element-6948466 elementor-widget elementor-widget-heading\" data-id=\"6948466\" data-element_type=\"widget\" data-widget_type=\"heading.default\">\n\t\t\t\t<div class=\"elementor-widget-container\">\n\t\t\t<h2 class=\"elementor-heading-title elementor-size-default elementor-heading-title\">Collecte et Utilisation d'Informations<\/h2>\t\t<\/div>\n\t\t\t\t<\/div>\n\t\t\t\t<div class=\"elementor-element elementor-element-00d18e3 elementor-widget elementor-widget-text-editor\" data-id=\"00d18e3\" data-element_type=\"widget\" data-widget_type=\"text-editor.default\">\n\t\t\t\t<div class=\"elementor-widget-container\">\n\t\t\t\t\t\t\t<p>Nous collectons diff\u00e9rents types d&rsquo;informations \u00e0 des fins multiples pour fournir et am\u00e9liorer notre Service. Les types de donn\u00e9es collect\u00e9es incluent les Donn\u00e9es Personnelles, les Donn\u00e9es d&rsquo;Utilisation, et les Donn\u00e9es de Suivi et de Cookies. Nous utilisons ces donn\u00e9es pour des finalit\u00e9s telles que le maintien de notre Service, la notification des changements, la participation aux fonctionnalit\u00e9s interactives, le support client, et l&rsquo;am\u00e9lioration de la fonctionnalit\u00e9 de notre Service.<\/p>\t\t\t\t\t\t<\/div>\n\t\t\t\t<\/div>\n\t\t\t\t<div class=\"elementor-element elementor-element-d0e38cb elementor-widget elementor-widget-heading\" data-id=\"d0e38cb\" data-element_type=\"widget\" data-widget_type=\"heading.default\">\n\t\t\t\t<div class=\"elementor-widget-container\">\n\t\t\t<h2 class=\"elementor-heading-title elementor-size-default elementor-heading-title\">Vos Droits sur Vos Donn\u00e9es Personnelles<\/h2>\t\t<\/div>\n\t\t\t\t<\/div>\n\t\t\t\t<div class=\"elementor-element elementor-element-4b94755 elementor-widget elementor-widget-text-editor\" data-id=\"4b94755\" data-element_type=\"widget\" data-widget_type=\"text-editor.default\">\n\t\t\t\t<div class=\"elementor-widget-container\">\n\t\t\t\t\t\t\t<p>Vous avez le droit d&rsquo;acc\u00e9der et de contr\u00f4ler vos Donn\u00e9es Personnelles. Cela inclut le droit de rectification, de suppression, ou de limitation du traitement de vos donn\u00e9es. De plus, vous pouvez choisir de ne pas participer \u00e0 certaines activit\u00e9s de traitement de donn\u00e9es, telles que les newsletters ou les communications promotionnelles.<\/p>\t\t\t\t\t\t<\/div>\n\t\t\t\t<\/div>\n\t\t\t\t<div class=\"elementor-element elementor-element-de01e13 elementor-widget elementor-widget-heading\" data-id=\"de01e13\" data-element_type=\"widget\" data-widget_type=\"heading.default\">\n\t\t\t\t<div class=\"elementor-widget-container\">\n\t\t\t<h2 class=\"elementor-heading-title elementor-size-default elementor-heading-title\">Conservation des Donn\u00e9es Personnelles<\/h2>\t\t<\/div>\n\t\t\t\t<\/div>\n\t\t\t\t<div class=\"elementor-element elementor-element-dc38c70 elementor-widget elementor-widget-text-editor\" data-id=\"dc38c70\" data-element_type=\"widget\" data-widget_type=\"text-editor.default\">\n\t\t\t\t<div class=\"elementor-widget-container\">\n\t\t\t\t\t\t\t<p>Nous conservons les Donn\u00e9es Personnelles uniquement pour la dur\u00e9e n\u00e9cessaire \u00e0 la r\u00e9alisation des finalit\u00e9s \u00e9nonc\u00e9es dans cette Politique de Confidentialit\u00e9. Cela inclut le respect des obligations l\u00e9gales, la r\u00e9solution de litiges, et l&rsquo;application des accords et des politiques. Les Donn\u00e9es d&rsquo;Utilisation, collect\u00e9es pour une analyse interne, sont conserv\u00e9es pour une p\u00e9riode plus courte sauf si n\u00e9cessaire pour la s\u00e9curit\u00e9 ou l&rsquo;am\u00e9lioration du Service.<\/p>\t\t\t\t\t\t<\/div>\n\t\t\t\t<\/div>\n\t\t\t\t<div class=\"elementor-element elementor-element-8a9af66 elementor-widget elementor-widget-heading\" data-id=\"8a9af66\" data-element_type=\"widget\" data-widget_type=\"heading.default\">\n\t\t\t\t<div class=\"elementor-widget-container\">\n\t\t\t<h2 class=\"elementor-heading-title elementor-size-default elementor-heading-title\">Transfert des Donn\u00e9es Personnelles<\/h2>\t\t<\/div>\n\t\t\t\t<\/div>\n\t\t\t\t<div class=\"elementor-element elementor-element-6f079fc elementor-widget elementor-widget-text-editor\" data-id=\"6f079fc\" data-element_type=\"widget\" data-widget_type=\"text-editor.default\">\n\t\t\t\t<div class=\"elementor-widget-container\">\n\t\t\t\t\t\t\t<p>Vos informations, y compris les Donn\u00e9es Personnelles, peuvent \u00eatre transf\u00e9r\u00e9es et conserv\u00e9es en dehors de votre juridiction. Nous veillons \u00e0 ce que des contr\u00f4les ad\u00e9quats, des mesures de s\u00e9curit\u00e9, et le respect de cette Politique de Confidentialit\u00e9 soient mis en place pour de tels transferts.<\/p>\t\t\t\t\t\t<\/div>\n\t\t\t\t<\/div>\n\t\t\t\t<div class=\"elementor-element elementor-element-3784ae9 elementor-widget elementor-widget-heading\" data-id=\"3784ae9\" data-element_type=\"widget\" data-widget_type=\"heading.default\">\n\t\t\t\t<div class=\"elementor-widget-container\">\n\t\t\t<h2 class=\"elementor-heading-title elementor-size-default elementor-heading-title\">Divulgation de Vos Donn\u00e9es Personnelles<\/h2>\t\t<\/div>\n\t\t\t\t<\/div>\n\t\t\t\t<div class=\"elementor-element elementor-element-9d3c495 elementor-widget elementor-widget-text-editor\" data-id=\"9d3c495\" data-element_type=\"widget\" data-widget_type=\"text-editor.default\">\n\t\t\t\t<div class=\"elementor-widget-container\">\n\t\t\t\t\t\t\t<p>Nous pouvons divulguer vos Donn\u00e9es Personnelles en r\u00e9ponse \u00e0 des obligations l\u00e9gales, pour prot\u00e9ger les droits ou les biens, pr\u00e9venir les actes r\u00e9pr\u00e9hensibles, assurer la s\u00e9curit\u00e9 publique, ou en cas de fusion, acquisition, ou vente d&rsquo;actifs.<\/p>\t\t\t\t\t\t<\/div>\n\t\t\t\t<\/div>\n\t\t\t\t<div class=\"elementor-element elementor-element-f6cf757 elementor-widget elementor-widget-heading\" data-id=\"f6cf757\" data-element_type=\"widget\" data-widget_type=\"heading.default\">\n\t\t\t\t<div class=\"elementor-widget-container\">\n\t\t\t<h2 class=\"elementor-heading-title elementor-size-default elementor-heading-title\">Utilisation des Cookies<\/h2>\t\t<\/div>\n\t\t\t\t<\/div>\n\t\t\t\t<div class=\"elementor-element elementor-element-300d14b elementor-widget elementor-widget-text-editor\" data-id=\"300d14b\" data-element_type=\"widget\" data-widget_type=\"text-editor.default\">\n\t\t\t\t<div class=\"elementor-widget-container\">\n\t\t\t\t\t\t\t<p>Notre site web utilise des cookies pour am\u00e9liorer l&rsquo;exp\u00e9rience utilisateur, analyser l&rsquo;utilisation du site, et personnaliser le contenu. En utilisant notre site web, vous consentez \u00e0 l&rsquo;utilisation de cookies. Vous pouvez ajuster les param\u00e8tres de votre navigateur pour refuser les cookies, mais cela peut affecter votre exp\u00e9rience de navigation.<\/p>\t\t\t\t\t\t<\/div>\n\t\t\t\t<\/div>\n\t\t\t\t<div class=\"elementor-element elementor-element-c78daf7 elementor-widget elementor-widget-heading\" data-id=\"c78daf7\" data-element_type=\"widget\" data-widget_type=\"heading.default\">\n\t\t\t\t<div class=\"elementor-widget-container\">\n\t\t\t<h2 class=\"elementor-heading-title elementor-size-default elementor-heading-title\">S\u00e9curit\u00e9 de Vos Donn\u00e9es Personnelles<\/h2>\t\t<\/div>\n\t\t\t\t<\/div>\n\t\t\t\t<div class=\"elementor-element elementor-element-d067813 elementor-widget elementor-widget-text-editor\" data-id=\"d067813\" data-element_type=\"widget\" data-widget_type=\"text-editor.default\">\n\t\t\t\t<div class=\"elementor-widget-container\">\n\t\t\t\t\t\t\t<p>Nous mettons en place des proc\u00e9dures de s\u00e9curit\u00e9 raisonnables pour prot\u00e9ger vos Donn\u00e9es Personnelles contre tout acc\u00e8s non autoris\u00e9, destruction, utilisation, modification, ou divulgation. Cependant, une s\u00e9curit\u00e9 absolue ne peut \u00eatre garantie.<\/p>\t\t\t\t\t\t<\/div>\n\t\t\t\t<\/div>\n\t\t\t\t<div class=\"elementor-element elementor-element-09fae7b elementor-widget elementor-widget-heading\" data-id=\"09fae7b\" data-element_type=\"widget\" data-widget_type=\"heading.default\">\n\t\t\t\t<div class=\"elementor-widget-container\">\n\t\t\t<h2 class=\"elementor-heading-title elementor-size-default elementor-heading-title\">Vie Priv\u00e9e des Enfants<\/h2>\t\t<\/div>\n\t\t\t\t<\/div>\n\t\t\t\t<div class=\"elementor-element elementor-element-3f5ba1b elementor-widget elementor-widget-text-editor\" data-id=\"3f5ba1b\" data-element_type=\"widget\" data-widget_type=\"text-editor.default\">\n\t\t\t\t<div class=\"elementor-widget-container\">\n\t\t\t\t\t\t\t<p>Notre Service ne s&rsquo;adresse pas aux individus de moins de 16 ans. Si nous prenons connaissance de la collecte de Donn\u00e9es Personnelles aupr\u00e8s de quelqu&rsquo;un de moins de 16 ans sans consentement parental, nous prenons des mesures pour supprimer les informations.<\/p>\t\t\t\t\t\t<\/div>\n\t\t\t\t<\/div>\n\t\t\t\t<div class=\"elementor-element elementor-element-15759e9 elementor-widget elementor-widget-heading\" data-id=\"15759e9\" data-element_type=\"widget\" data-widget_type=\"heading.default\">\n\t\t\t\t<div class=\"elementor-widget-container\">\n\t\t\t<h2 class=\"elementor-heading-title elementor-size-default elementor-heading-title\">Liens vers d'Autres Sites Web<\/h2>\t\t<\/div>\n\t\t\t\t<\/div>\n\t\t\t\t<div class=\"elementor-element elementor-element-65c03fd elementor-widget elementor-widget-text-editor\" data-id=\"65c03fd\" data-element_type=\"widget\" data-widget_type=\"text-editor.default\">\n\t\t\t\t<div class=\"elementor-widget-container\">\n\t\t\t\t\t\t\t<p>Notre Service peut contenir des liens vers des sites web tiers. Nous vous conseillons de consulter la Politique de Confidentialit\u00e9 de chaque site, car nous n&rsquo;avons aucun contr\u00f4le sur leur contenu, leurs politiques de confidentialit\u00e9, ou leurs pratiques.<\/p>\t\t\t\t\t\t<\/div>\n\t\t\t\t<\/div>\n\t\t\t\t<div class=\"elementor-element elementor-element-8738f4e elementor-widget elementor-widget-heading\" data-id=\"8738f4e\" data-element_type=\"widget\" data-widget_type=\"heading.default\">\n\t\t\t\t<div class=\"elementor-widget-container\">\n\t\t\t<h2 class=\"elementor-heading-title elementor-size-default elementor-heading-title\">Changements \u00e0 cette Politique de Confidentialit\u00e9<\/h2>\t\t<\/div>\n\t\t\t\t<\/div>\n\t\t\t\t<div class=\"elementor-element elementor-element-20d4b47 elementor-widget elementor-widget-text-editor\" data-id=\"20d4b47\" data-element_type=\"widget\" data-widget_type=\"text-editor.default\">\n\t\t\t\t<div class=\"elementor-widget-container\">\n\t\t\t\t\t\t\t<p>Nous pouvons mettre \u00e0 jour cette Politique de Confidentialit\u00e9, et les changements seront effectifs lorsqu&rsquo;ils seront publi\u00e9s sur cette page. Une notification des changements sera fournie par e-mail et\/ou par un avis important sur notre Service.<\/p>\t\t\t\t\t\t<\/div>\n\t\t\t\t<\/div>\n\t\t\t\t<div class=\"elementor-element elementor-element-72989d4 elementor-widget elementor-widget-heading\" data-id=\"72989d4\" data-element_type=\"widget\" data-widget_type=\"heading.default\">\n\t\t\t\t<div class=\"elementor-widget-container\">\n\t\t\t<h2 class=\"elementor-heading-title elementor-size-default elementor-heading-title\">D\u00e9p\u00f4t de Plainte \/ Nous Contacter<\/h2>\t\t<\/div>\n\t\t\t\t<\/div>\n\t\t\t\t<div class=\"elementor-element elementor-element-bb2a87f elementor-widget elementor-widget-text-editor\" data-id=\"bb2a87f\" data-element_type=\"widget\" data-widget_type=\"text-editor.default\">\n\t\t\t\t<div class=\"elementor-widget-container\">\n\t\t\t\t\t\t\t<p>Si vous avez des questions ou des plaintes concernant cette Politique de Confidentialit\u00e9, contactez-nous :<\/p><p>\u00a0<\/p><p>Par E-mail : <a href=\"mailto:info@uossm.org\">info@uossm.org<\/a><\/p>\t\t\t\t\t\t<\/div>\n\t\t\t\t<\/div>\n\t\t\t\t\t<\/div>\n\t\t<\/div>\n\t\t\t\t\t<\/div>\n\t\t<\/section>\n\t\t\t\t\t<\/div>\n\t\t<\/div>\n\t\t\t\t\t<\/div>\n\t\t<\/section>\n\t\t\t\t<\/div>\n\t\t","protected":false},"excerpt":{"rendered":"<p>Politique de Transparence<\/p>\n","protected":false},"author":8,"featured_media":0,"parent":0,"menu_order":0,"comment_status":"closed","ping_status":"closed","template":"","meta":{"footnotes":""},"class_list":["post-6971","page","type-page","status-publish","hentry"],"_links":{"self":[{"href":"https:\/\/uossm.org\/fr\/wp-json\/wp\/v2\/pages\/6971","targetHints":{"allow":["GET"]}}],"collection":[{"href":"https:\/\/uossm.org\/fr\/wp-json\/wp\/v2\/pages"}],"about":[{"href":"https:\/\/uossm.org\/fr\/wp-json\/wp\/v2\/types\/page"}],"author":[{"embeddable":true,"href":"https:\/\/uossm.org\/fr\/wp-json\/wp\/v2\/users\/8"}],"replies":[{"embeddable":true,"href":"https:\/\/uossm.org\/fr\/wp-json\/wp\/v2\/comments?post=6971"}],"version-history":[{"count":4,"href":"https:\/\/uossm.org\/fr\/wp-json\/wp\/v2\/pages\/6971\/revisions"}],"predecessor-version":[{"id":6975,"href":"https:\/\/uossm.org\/fr\/wp-json\/wp\/v2\/pages\/6971\/revisions\/6975"}],"wp:attachment":[{"href":"https:\/\/uossm.org\/fr\/wp-json\/wp\/v2\/media?parent=6971"}],"curies":[{"name":"wp","href":"https:\/\/api.w.org\/{rel}","templated":true}]}}